{"id":3015,"date":"2025-07-24T21:13:31","date_gmt":"2025-07-24T19:13:31","guid":{"rendered":"https:\/\/funny-brahmagupta.202-61-204-191.plesk.page\/?page_id=3015"},"modified":"2025-10-23T19:57:21","modified_gmt":"2025-10-23T17:57:21","slug":"downloads","status":"publish","type":"page","link":"https:\/\/funny-brahmagupta.202-61-204-191.plesk.page\/tr\/downloads\/","title":{"rendered":"Downloads"},"content":{"rendered":"<div data-elementor-type=\"wp-page\" data-elementor-id=\"3015\" class=\"elementor elementor-3015\" data-elementor-post-type=\"page\">\n\t\t\t\t\t\t\t\t\t<section class=\"elementor-section elementor-top-section elementor-element elementor-element-36f1e632 elementor-section-stretched elementor-section-boxed elementor-section-height-default elementor-section-height-default\" data-id=\"36f1e632\" data-element_type=\"section\" data-settings=\"{&quot;background_background&quot;:&quot;classic&quot;,&quot;stretch_section&quot;:&quot;section-stretched&quot;}\">\n\t\t\t\t\t\t<div class=\"elementor-container elementor-column-gap-default\">\n\t\t\t\t\t<div class=\"elementor-column elementor-col-100 elementor-top-column elementor-element elementor-element-74b71d2e\" data-id=\"74b71d2e\" data-element_type=\"column\">\n\t\t\t<div class=\"elementor-widget-wrap elementor-element-populated\">\n\t\t\t\t\t\t\t\t<div class=\"elementor-element elementor-element-5f50d307 elementor-widget elementor-widget-heading\" data-id=\"5f50d307\" data-element_type=\"widget\" data-widget_type=\"heading.default\">\n\t\t\t\t<div class=\"elementor-widget-container\">\n\t\t\t<h2 class=\"elementor-heading-title elementor-size-default\">Downloads<\/h2>\t\t<\/div>\n\t\t\t\t<\/div>\n\t\t\t\t<section class=\"elementor-section elementor-inner-section elementor-element elementor-element-31a3bfe elementor-section-boxed elementor-section-height-default elementor-section-height-default\" data-id=\"31a3bfe\" data-element_type=\"section\">\n\t\t\t\t\t\t<div class=\"elementor-container elementor-column-gap-default\">\n\t\t\t\t\t<div class=\"elementor-column elementor-col-100 elementor-inner-column elementor-element elementor-element-442db7c\" data-id=\"442db7c\" data-element_type=\"column\">\n\t\t\t<div class=\"elementor-widget-wrap elementor-element-populated\">\n\t\t\t\t\t\t\t\t<div class=\"elementor-element elementor-element-d871835 elementor-widget elementor-widget-heading\" data-id=\"d871835\" data-element_type=\"widget\" data-widget_type=\"heading.default\">\n\t\t\t\t<div class=\"elementor-widget-container\">\n\t\t\t<h2 class=\"elementor-heading-title elementor-size-default\">A s\u0131n\u0131f\u0131<\/h2>\t\t<\/div>\n\t\t\t\t<\/div>\n\t\t\t\t<div class=\"elementor-element elementor-element-503ebe0 elementor-icon-list--layout-traditional elementor-list-item-link-full_width elementor-widget elementor-widget-icon-list\" data-id=\"503ebe0\" data-element_type=\"widget\" data-widget_type=\"icon-list.default\">\n\t\t\t\t<div class=\"elementor-widget-container\">\n\t\t\t\t\t<ul class=\"elementor-icon-list-items\">\n\t\t\t\t\t\t\t<li class=\"elementor-icon-list-item\">\n\t\t\t\t\t\t\t\t\t\t\t<a href=\"https:\/\/fahrschule-wienelf.at\/wp-content\/uploads\/2025\/10\/Ueberpruefung_am_Kraftrad.pdf\" target=\"_blank\" download=\"Ueberpruefung_am_Kraftrad.pdf\">\n\n\t\t\t\t\t\t\t\t\t\t\t\t<span class=\"elementor-icon-list-icon\">\n\t\t\t\t\t\t\t<i aria-hidden=\"true\" class=\"fas fa-cloud-download-alt\"><\/i>\t\t\t\t\t\t<\/span>\n\t\t\t\t\t\t\t\t\t\t<span class=\"elementor-icon-list-text\">\u00dcberpr\u00fcfung am Kraftrad<\/span>\n\t\t\t\t\t\t\t\t\t\t\t<\/a>\n\t\t\t\t\t\t\t\t\t<\/li>\n\t\t\t\t\t\t<\/ul>\n\t\t\t\t<\/div>\n\t\t\t\t<\/div>\n\t\t\t\t\t<\/div>\n\t\t<\/div>\n\t\t\t\t\t\t\t<\/div>\n\t\t<\/section>\n\t\t\t\t<section class=\"elementor-section elementor-inner-section elementor-element elementor-element-9cab67a elementor-section-boxed elementor-section-height-default elementor-section-height-default\" data-id=\"9cab67a\" data-element_type=\"section\">\n\t\t\t\t\t\t<div class=\"elementor-container elementor-column-gap-default\">\n\t\t\t\t\t<div class=\"elementor-column elementor-col-100 elementor-inner-column elementor-element elementor-element-55e26bf\" data-id=\"55e26bf\" data-element_type=\"column\">\n\t\t\t<div class=\"elementor-widget-wrap elementor-element-populated\">\n\t\t\t\t\t\t\t\t<div class=\"elementor-element elementor-element-998df4a elementor-widget elementor-widget-heading\" data-id=\"998df4a\" data-element_type=\"widget\" data-widget_type=\"heading.default\">\n\t\t\t\t<div class=\"elementor-widget-container\">\n\t\t\t<h2 class=\"elementor-heading-title elementor-size-default\">B s\u0131n\u0131f\u0131<\/h2>\t\t<\/div>\n\t\t\t\t<\/div>\n\t\t\t\t\t<\/div>\n\t\t<\/div>\n\t\t\t\t\t\t\t<\/div>\n\t\t<\/section>\n\t\t\t\t<section class=\"elementor-section elementor-inner-section elementor-element elementor-element-80f1fc8 elementor-section-boxed elementor-section-height-default elementor-section-height-default\" data-id=\"80f1fc8\" data-element_type=\"section\">\n\t\t\t\t\t\t<div class=\"elementor-container elementor-column-gap-default\">\n\t\t\t\t\t<div class=\"elementor-column elementor-col-100 elementor-inner-column elementor-element elementor-element-9216617\" data-id=\"9216617\" data-element_type=\"column\">\n\t\t\t<div class=\"elementor-widget-wrap elementor-element-populated\">\n\t\t\t\t\t\t\t\t<div class=\"elementor-element elementor-element-67ac97d elementor-icon-list--layout-traditional elementor-list-item-link-full_width elementor-widget elementor-widget-icon-list\" data-id=\"67ac97d\" data-element_type=\"widget\" data-widget_type=\"icon-list.default\">\n\t\t\t\t<div class=\"elementor-widget-container\">\n\t\t\t\t\t<ul class=\"elementor-icon-list-items\">\n\t\t\t\t\t\t\t<li class=\"elementor-icon-list-item\">\n\t\t\t\t\t\t\t\t\t\t\t<a href=\"https:\/\/fahrschule-wienelf.at\/wp-content\/uploads\/2022\/01\/Ueberpruefung_am_Fahrzeug.pdf\" target=\"_blank\" download=\"Ueberpruefung_am_Fahrzeug.pdf\">\n\n\t\t\t\t\t\t\t\t\t\t\t\t<span class=\"elementor-icon-list-icon\">\n\t\t\t\t\t\t\t<i aria-hidden=\"true\" class=\"fas fa-cloud-download-alt\"><\/i>\t\t\t\t\t\t<\/span>\n\t\t\t\t\t\t\t\t\t\t<span class=\"elementor-icon-list-text\">\u00dcberpr\u00fcfung am Fahrzeug<\/span>\n\t\t\t\t\t\t\t\t\t\t\t<\/a>\n\t\t\t\t\t\t\t\t\t<\/li>\n\t\t\t\t\t\t<\/ul>\n\t\t\t\t<\/div>\n\t\t\t\t<\/div>\n\t\t\t\t<div class=\"elementor-element elementor-element-7c5072d elementor-widget elementor-widget-heading\" data-id=\"7c5072d\" data-element_type=\"widget\" data-widget_type=\"heading.default\">\n\t\t\t\t<div class=\"elementor-widget-container\">\n\t\t\t<h2 class=\"elementor-heading-title elementor-size-default\">C s\u0131n\u0131f\u0131<\/h2>\t\t<\/div>\n\t\t\t\t<\/div>\n\t\t\t\t<div class=\"elementor-element elementor-element-fa443b5 elementor-icon-list--layout-inline elementor-list-item-link-full_width elementor-widget elementor-widget-icon-list\" data-id=\"fa443b5\" data-element_type=\"widget\" data-widget_type=\"icon-list.default\">\n\t\t\t\t<div class=\"elementor-widget-container\">\n\t\t\t\t\t<ul class=\"elementor-icon-list-items elementor-inline-items\">\n\t\t\t\t\t\t\t<li class=\"elementor-icon-list-item elementor-inline-item\">\n\t\t\t\t\t\t\t\t\t\t\t<a href=\"https:\/\/fahrschule-wienelf.at\/wp-content\/uploads\/2025\/10\/Ueberpruefung_am_LKW.pdf\" target=\"_blank\" download=\"Ueberpruefung_am_LKW.pdf\">\n\n\t\t\t\t\t\t\t\t\t\t\t\t<span class=\"elementor-icon-list-icon\">\n\t\t\t\t\t\t\t<i aria-hidden=\"true\" class=\"fas fa-cloud-download-alt\"><\/i>\t\t\t\t\t\t<\/span>\n\t\t\t\t\t\t\t\t\t\t<span class=\"elementor-icon-list-text\">\u00dcberpr\u00fcfung am LKW<\/span>\n\t\t\t\t\t\t\t\t\t\t\t<\/a>\n\t\t\t\t\t\t\t\t\t<\/li>\n\t\t\t\t\t\t<\/ul>\n\t\t\t\t<\/div>\n\t\t\t\t<\/div>\n\t\t\t\t<div class=\"elementor-element elementor-element-cd1ccb7 elementor-widget elementor-widget-heading\" data-id=\"cd1ccb7\" data-element_type=\"widget\" data-widget_type=\"heading.default\">\n\t\t\t\t<div class=\"elementor-widget-container\">\n\t\t\t<h2 class=\"elementor-heading-title elementor-size-default\">Klasse D<\/h2>\t\t<\/div>\n\t\t\t\t<\/div>\n\t\t\t\t<div class=\"elementor-element elementor-element-001937d elementor-icon-list--layout-inline elementor-list-item-link-full_width elementor-widget elementor-widget-icon-list\" data-id=\"001937d\" data-element_type=\"widget\" data-widget_type=\"icon-list.default\">\n\t\t\t\t<div class=\"elementor-widget-container\">\n\t\t\t\t\t<ul class=\"elementor-icon-list-items elementor-inline-items\">\n\t\t\t\t\t\t\t<li class=\"elementor-icon-list-item elementor-inline-item\">\n\t\t\t\t\t\t\t\t\t\t\t<a href=\"https:\/\/fahrschule-wienelf.at\/wp-content\/uploads\/2025\/10\/Ueberpruefung_am_OMNIBUS.pdf\" target=\"_blank\" download=\"Ueberpruefung_am_Omnibus.pdf\">\n\n\t\t\t\t\t\t\t\t\t\t\t\t<span class=\"elementor-icon-list-icon\">\n\t\t\t\t\t\t\t<i aria-hidden=\"true\" class=\"fas fa-cloud-download-alt\"><\/i>\t\t\t\t\t\t<\/span>\n\t\t\t\t\t\t\t\t\t\t<span class=\"elementor-icon-list-text\">\u00dcberpr\u00fcfung am Omnibus<\/span>\n\t\t\t\t\t\t\t\t\t\t\t<\/a>\n\t\t\t\t\t\t\t\t\t<\/li>\n\t\t\t\t\t\t<\/ul>\n\t\t\t\t<\/div>\n\t\t\t\t<\/div>\n\t\t\t\t\t<\/div>\n\t\t<\/div>\n\t\t\t\t\t\t\t<\/div>\n\t\t<\/section>\n\t\t\t\t\t<\/div>\n\t\t<\/div>\n\t\t\t\t\t\t\t<\/div>\n\t\t<\/section>\n\t\t\t\t\t\t\t<\/div>","protected":false},"excerpt":{"rendered":"<p>Downloads Klasse A \u00dcberpr\u00fcfung am Kraftrad Klasse B \u00dcberpr\u00fcfung am Fahrzeug Klasse C \u00dcberpr\u00fcfung am LKW Klasse D \u00dcberpr\u00fcfung am Omnibus<\/p>","protected":false},"author":1,"featured_media":0,"parent":0,"menu_order":0,"comment_status":"closed","ping_status":"closed","template":"","meta":{"footnotes":""},"yoast_head":"<!-- This site is optimized with the Yoast SEO plugin v21.5 - https:\/\/yoast.com\/wordpress\/plugins\/seo\/ -->\n<title>Downloads - Fahrschule Wienelf<\/title>\n<meta name=\"robots\" content=\"index, follow, max-snippet:-1, max-image-preview:large, max-video-preview:-1\" \/>\n<link rel=\"canonical\" href=\"https:\/\/funny-brahmagupta.202-61-204-191.plesk.page\/tr\/downloads\/\" \/>\n<meta property=\"og:locale\" content=\"tr_TR\" \/>\n<meta property=\"og:type\" content=\"article\" \/>\n<meta property=\"og:title\" content=\"Downloads - Fahrschule Wienelf\" \/>\n<meta property=\"og:description\" content=\"Downloads Klasse A \u00dcberpr\u00fcfung am Kraftrad Klasse B \u00dcberpr\u00fcfung am Fahrzeug Klasse C \u00dcberpr\u00fcfung am LKW Klasse D \u00dcberpr\u00fcfung am Omnibus\" \/>\n<meta property=\"og:url\" content=\"https:\/\/funny-brahmagupta.202-61-204-191.plesk.page\/tr\/downloads\/\" \/>\n<meta property=\"og:site_name\" content=\"Fahrschule Wienelf\" \/>\n<meta property=\"article:publisher\" content=\"https:\/\/www.facebook.com\/Fahrschule.Adnan.Karakoc\" \/>\n<meta property=\"article:modified_time\" content=\"2025-10-23T17:57:21+00:00\" \/>\n<meta name=\"twitter:card\" content=\"summary_large_image\" \/>\n<meta name=\"twitter:label1\" content=\"Tahmini okuma s\u00fcresi\" \/>\n\t<meta name=\"twitter:data1\" content=\"1 dakika\" \/>\n<script type=\"application\/ld+json\" class=\"yoast-schema-graph\">{\"@context\":\"https:\/\/schema.org\",\"@graph\":[{\"@type\":\"WebPage\",\"@id\":\"https:\/\/funny-brahmagupta.202-61-204-191.plesk.page\/downloads\/\",\"url\":\"https:\/\/funny-brahmagupta.202-61-204-191.plesk.page\/downloads\/\",\"name\":\"Downloads - Fahrschule Wienelf\",\"isPartOf\":{\"@id\":\"https:\/\/funny-brahmagupta.202-61-204-191.plesk.page\/#website\"},\"datePublished\":\"2025-07-24T19:13:31+00:00\",\"dateModified\":\"2025-10-23T17:57:21+00:00\",\"breadcrumb\":{\"@id\":\"https:\/\/funny-brahmagupta.202-61-204-191.plesk.page\/downloads\/#breadcrumb\"},\"inLanguage\":\"tr\",\"potentialAction\":[{\"@type\":\"ReadAction\",\"target\":[\"https:\/\/funny-brahmagupta.202-61-204-191.plesk.page\/downloads\/\"]}]},{\"@type\":\"BreadcrumbList\",\"@id\":\"https:\/\/funny-brahmagupta.202-61-204-191.plesk.page\/downloads\/#breadcrumb\",\"itemListElement\":[{\"@type\":\"ListItem\",\"position\":1,\"name\":\"Startseite\",\"item\":\"https:\/\/funny-brahmagupta.202-61-204-191.plesk.page\/\"},{\"@type\":\"ListItem\",\"position\":2,\"name\":\"Downloads\"}]},{\"@type\":\"WebSite\",\"@id\":\"https:\/\/funny-brahmagupta.202-61-204-191.plesk.page\/#website\",\"url\":\"https:\/\/funny-brahmagupta.202-61-204-191.plesk.page\/\",\"name\":\"Fahrschule Wienelf\",\"description\":\"\",\"publisher\":{\"@id\":\"https:\/\/funny-brahmagupta.202-61-204-191.plesk.page\/#organization\"},\"potentialAction\":[{\"@type\":\"SearchAction\",\"target\":{\"@type\":\"EntryPoint\",\"urlTemplate\":\"https:\/\/funny-brahmagupta.202-61-204-191.plesk.page\/?s={search_term_string}\"},\"query-input\":\"required name=search_term_string\"}],\"inLanguage\":\"tr\"},{\"@type\":\"Organization\",\"@id\":\"https:\/\/funny-brahmagupta.202-61-204-191.plesk.page\/#organization\",\"name\":\"Fahrschule Wienelf\",\"url\":\"https:\/\/funny-brahmagupta.202-61-204-191.plesk.page\/\",\"logo\":{\"@type\":\"ImageObject\",\"inLanguage\":\"tr\",\"@id\":\"https:\/\/funny-brahmagupta.202-61-204-191.plesk.page\/#\/schema\/logo\/image\/\",\"url\":\"https:\/\/funny-brahmagupta.202-61-204-191.plesk.page\/wp-content\/uploads\/2020\/11\/cropped-Elf-Logo-Transparent_Weisseschrift-1.png\",\"contentUrl\":\"https:\/\/funny-brahmagupta.202-61-204-191.plesk.page\/wp-content\/uploads\/2020\/11\/cropped-Elf-Logo-Transparent_Weisseschrift-1.png\",\"width\":4165,\"height\":725,\"caption\":\"Fahrschule Wienelf\"},\"image\":{\"@id\":\"https:\/\/funny-brahmagupta.202-61-204-191.plesk.page\/#\/schema\/logo\/image\/\"},\"sameAs\":[\"https:\/\/www.facebook.com\/Fahrschule.Adnan.Karakoc\"]}]}<\/script>\n<!-- \/ Yoast SEO plugin. -->","yoast_head_json":{"title":"Downloads - Fahrschule Wienelf","robots":{"index":"index","follow":"follow","max-snippet":"max-snippet:-1","max-image-preview":"max-image-preview:large","max-video-preview":"max-video-preview:-1"},"canonical":"https:\/\/funny-brahmagupta.202-61-204-191.plesk.page\/tr\/downloads\/","og_locale":"tr_TR","og_type":"article","og_title":"Downloads - Fahrschule Wienelf","og_description":"Downloads Klasse A \u00dcberpr\u00fcfung am Kraftrad Klasse B \u00dcberpr\u00fcfung am Fahrzeug Klasse C \u00dcberpr\u00fcfung am LKW Klasse D \u00dcberpr\u00fcfung am Omnibus","og_url":"https:\/\/funny-brahmagupta.202-61-204-191.plesk.page\/tr\/downloads\/","og_site_name":"Fahrschule Wienelf","article_publisher":"https:\/\/www.facebook.com\/Fahrschule.Adnan.Karakoc","article_modified_time":"2025-10-23T17:57:21+00:00","twitter_card":"summary_large_image","twitter_misc":{"Tahmini okuma s\u00fcresi":"1 dakika"},"schema":{"@context":"https:\/\/schema.org","@graph":[{"@type":"WebPage","@id":"https:\/\/funny-brahmagupta.202-61-204-191.plesk.page\/downloads\/","url":"https:\/\/funny-brahmagupta.202-61-204-191.plesk.page\/downloads\/","name":"Downloads - Fahrschule Wienelf","isPartOf":{"@id":"https:\/\/funny-brahmagupta.202-61-204-191.plesk.page\/#website"},"datePublished":"2025-07-24T19:13:31+00:00","dateModified":"2025-10-23T17:57:21+00:00","breadcrumb":{"@id":"https:\/\/funny-brahmagupta.202-61-204-191.plesk.page\/downloads\/#breadcrumb"},"inLanguage":"tr","potentialAction":[{"@type":"ReadAction","target":["https:\/\/funny-brahmagupta.202-61-204-191.plesk.page\/downloads\/"]}]},{"@type":"BreadcrumbList","@id":"https:\/\/funny-brahmagupta.202-61-204-191.plesk.page\/downloads\/#breadcrumb","itemListElement":[{"@type":"ListItem","position":1,"name":"Startseite","item":"https:\/\/funny-brahmagupta.202-61-204-191.plesk.page\/"},{"@type":"ListItem","position":2,"name":"Downloads"}]},{"@type":"WebSite","@id":"https:\/\/funny-brahmagupta.202-61-204-191.plesk.page\/#website","url":"https:\/\/funny-brahmagupta.202-61-204-191.plesk.page\/","name":"Fahrschule Wienelf","description":"","publisher":{"@id":"https:\/\/funny-brahmagupta.202-61-204-191.plesk.page\/#organization"},"potentialAction":[{"@type":"SearchAction","target":{"@type":"EntryPoint","urlTemplate":"https:\/\/funny-brahmagupta.202-61-204-191.plesk.page\/?s={search_term_string}"},"query-input":"required name=search_term_string"}],"inLanguage":"tr"},{"@type":"Organization","@id":"https:\/\/funny-brahmagupta.202-61-204-191.plesk.page\/#organization","name":"Fahrschule Wienelf","url":"https:\/\/funny-brahmagupta.202-61-204-191.plesk.page\/","logo":{"@type":"ImageObject","inLanguage":"tr","@id":"https:\/\/funny-brahmagupta.202-61-204-191.plesk.page\/#\/schema\/logo\/image\/","url":"https:\/\/funny-brahmagupta.202-61-204-191.plesk.page\/wp-content\/uploads\/2020\/11\/cropped-Elf-Logo-Transparent_Weisseschrift-1.png","contentUrl":"https:\/\/funny-brahmagupta.202-61-204-191.plesk.page\/wp-content\/uploads\/2020\/11\/cropped-Elf-Logo-Transparent_Weisseschrift-1.png","width":4165,"height":725,"caption":"Fahrschule Wienelf"},"image":{"@id":"https:\/\/funny-brahmagupta.202-61-204-191.plesk.page\/#\/schema\/logo\/image\/"},"sameAs":["https:\/\/www.facebook.com\/Fahrschule.Adnan.Karakoc"]}]}},"_links":{"self":[{"href":"https:\/\/funny-brahmagupta.202-61-204-191.plesk.page\/tr\/wp-json\/wp\/v2\/pages\/3015"}],"collection":[{"href":"https:\/\/funny-brahmagupta.202-61-204-191.plesk.page\/tr\/wp-json\/wp\/v2\/pages"}],"about":[{"href":"https:\/\/funny-brahmagupta.202-61-204-191.plesk.page\/tr\/wp-json\/wp\/v2\/types\/page"}],"author":[{"embeddable":true,"href":"https:\/\/funny-brahmagupta.202-61-204-191.plesk.page\/tr\/wp-json\/wp\/v2\/users\/1"}],"replies":[{"embeddable":true,"href":"https:\/\/funny-brahmagupta.202-61-204-191.plesk.page\/tr\/wp-json\/wp\/v2\/comments?post=3015"}],"version-history":[{"count":46,"href":"https:\/\/funny-brahmagupta.202-61-204-191.plesk.page\/tr\/wp-json\/wp\/v2\/pages\/3015\/revisions"}],"predecessor-version":[{"id":3289,"href":"https:\/\/funny-brahmagupta.202-61-204-191.plesk.page\/tr\/wp-json\/wp\/v2\/pages\/3015\/revisions\/3289"}],"wp:attachment":[{"href":"https:\/\/funny-brahmagupta.202-61-204-191.plesk.page\/tr\/wp-json\/wp\/v2\/media?parent=3015"}],"curies":[{"name":"wp","href":"https:\/\/api.w.org\/{rel}","templated":true}]}}