{"id":1693,"date":"2020-09-03T14:01:10","date_gmt":"2020-09-03T12:01:10","guid":{"rendered":"https:\/\/funny-brahmagupta.202-61-204-191.plesk.page\/?page_id=1693"},"modified":"2025-05-14T10:10:22","modified_gmt":"2025-05-14T08:10:22","slug":"stellenangebot-fahrschullehrer","status":"publish","type":"page","link":"https:\/\/funny-brahmagupta.202-61-204-191.plesk.page\/tr\/karriere\/stellenangebot-fahrschullehrer\/","title":{"rendered":"Stellenangebot: Fahrschullehrer"},"content":{"rendered":"<h1>I\u015f teklifi<\/h1>\n<h4>S\u0131n\u0131flar: A, B, C, D, BE, CE, DE<\/h4>\n<h2>S\u00fcr\u00fc\u015f (okul) e\u011fitmeni (m\/f\/d)<\/h2>\n<p>G\u00f6revleriniz<\/p>\n<ul>\n<li>M\u00fc\u015fteri ileti\u015fim<\/li>\n<li>M\u00fc\u015fterilerin ilgili ehliyet s\u0131n\u0131flar\u0131nda e\u011fitimi<\/li>\n<li>S\u0131nav ba\u015flang\u0131c\u0131<\/li>\n<li>Ara\u00e7 bak\u0131m\u0131 ve bak\u0131m\u0131<\/li>\n<li>Teorik dersler (sadece s\u00fcr\u00fcc\u00fc kursu \u00f6\u011fretmeni olarak)<\/li>\n<\/ul>\n<p>Yeterlili\u011finiz<\/p>\n<ul>\n<li>Yukar\u0131daki ehliyet s\u0131n\u0131flar\u0131ndan biri i\u00e7in s\u00fcr\u00fcc\u00fc veya s\u00fcr\u00fcc\u00fc kursu e\u011fitmeni yetkisi<\/li>\n<li>M\u00fckemmel Almanca bilgisi<\/li>\n<li>Verimli ve ba\u011f\u0131ms\u0131z \u00e7al\u0131\u015fma \u015fekli<\/li>\n<li>Y\u00fcksek dayan\u0131kl\u0131l\u0131k, kal\u0131c\u0131 g\u00fc\u00e7<\/li>\n<li>Mevcut bilgi ve becerileri daha da geli\u015ftirme iste\u011fi<\/li>\n<li>G\u00f6rev planlamas\u0131nda esneklik<\/li>\n<li>Bir tak\u0131mda ve gen\u00e7lerle \u00e7al\u0131\u015fman\u0131n tad\u0131n\u0131 \u00e7\u0131kar\u0131n<\/li>\n<\/ul>\n<p>Bizim aral\u0131\u011f\u0131m\u0131z<\/p>\n<ul>\n<li>Yo\u011fun e\u011fitimden sonra, \u00e7ok iyi bir \u00e7al\u0131\u015fma ortam\u0131nda ba\u011f\u0131ms\u0131z, \u00e7e\u015fitli g\u00f6revler ve sorumlu yar\u0131 zamanl\u0131 veya tam zamanl\u0131 istihdam sunuyoruz.<\/li>\n<li>Birinci s\u0131n\u0131f bir konumda \u00e7ekici bir i\u015f yeri<\/li>\n<li>Ki\u015fisel ve profesyonel e\u011fitimin yan\u0131 s\u0131ra \u00e7e\u015fitli ve ilgin\u00e7 g\u00f6revler<\/li>\n<li>Minnettar bir \u00e7al\u0131\u015fma ortam\u0131nda ba\u011f\u0131ms\u0131z bir sorumluluk alan\u0131<\/li>\n<li>Modern bir filo<\/li>\n<li>Monatsgehalt brutto (bei 30 Wochenstunden, 14 x): 2126,- Euro als Fahrlehrer\/in und 2207,- Euro als Fahrschullehrer (mit Bereitschaft zur \u00dcberzahlung bei entsprechender Qualifikation\/Berufserfahrung). Geh\u00e4lter verstehen sich exkl. Zulagen.<\/li>\n<\/ul>\n<p>Sizce bu pozisyon size uygun mu? Ba\u015fvurunuzu d\u00f6rt g\u00f6zle bekliyoruz! Verilerinizi mutlak gizlilikle ele al\u0131yoruz! L\u00fctfen \u00f6zge\u00e7mi\u015finizi, sertifikalar\u0131n\u0131z\u0131 ve foto\u011fraf\u0131n\u0131z\u0131 i\u00e7eren ba\u015fvuru mektubunuzu elektronik olarak \u015fu adrese g\u00f6nderin:<\/p>\n<p><a href=\"mailto:bewerbung@wienelf.at\">bewerbung@wienelf.at\u00a0<\/a><\/p>","protected":false},"excerpt":{"rendered":"<p>Stellenangebot Klassen: A, B, C, D, BE, CE, DE Fahr(schul)Lehrer (m\/w\/d) Deine Aufgaben Kundenkontakt Ausbildung von Kunden in den jeweiligen F\u00fchrerscheinklassen Pr\u00fcfungsantritt Fahrzeugpflege und Wartung Theoretischer Unterricht (nur als Fahrschullehrer) Deine Qualifikation Fahr- oder Fahrschullehrerberechtigung f\u00fcr eine, der oben angef\u00fchrten F\u00fchrerscheinklassen Ausgezeichnete Deutschkenntnisse Effiziente u. eigenst\u00e4ndige Arbeitsweise Hohe Belastbarkeit, Durchhalteverm\u00f6gen Bereitschaft bestehendes Wissen und F\u00e4higkeiten [&hellip;]<\/p>","protected":false},"author":1,"featured_media":0,"parent":1652,"menu_order":0,"comment_status":"closed","ping_status":"closed","template":"","meta":{"footnotes":""},"yoast_head":"<!-- This site is optimized with the Yoast SEO plugin v21.5 - https:\/\/yoast.com\/wordpress\/plugins\/seo\/ -->\n<title>Stellenangebot: Fahrschullehrer - Fahrschule Wienelf<\/title>\n<meta name=\"robots\" content=\"index, follow, max-snippet:-1, max-image-preview:large, max-video-preview:-1\" \/>\n<link rel=\"canonical\" href=\"https:\/\/funny-brahmagupta.202-61-204-191.plesk.page\/tr\/karriere\/stellenangebot-fahrschullehrer\/\" \/>\n<meta property=\"og:locale\" content=\"tr_TR\" \/>\n<meta property=\"og:type\" content=\"article\" \/>\n<meta property=\"og:title\" content=\"Stellenangebot: Fahrschullehrer - Fahrschule Wienelf\" \/>\n<meta property=\"og:description\" content=\"Stellenangebot Klassen: A, B, C, D, BE, CE, DE Fahr(schul)Lehrer (m\/w\/d) Deine Aufgaben Kundenkontakt Ausbildung von Kunden in den jeweiligen F\u00fchrerscheinklassen Pr\u00fcfungsantritt Fahrzeugpflege und Wartung Theoretischer Unterricht (nur als Fahrschullehrer) Deine Qualifikation Fahr- oder Fahrschullehrerberechtigung f\u00fcr eine, der oben angef\u00fchrten F\u00fchrerscheinklassen Ausgezeichnete Deutschkenntnisse Effiziente u. eigenst\u00e4ndige Arbeitsweise Hohe Belastbarkeit, Durchhalteverm\u00f6gen Bereitschaft bestehendes Wissen und F\u00e4higkeiten [&hellip;]\" \/>\n<meta property=\"og:url\" content=\"https:\/\/funny-brahmagupta.202-61-204-191.plesk.page\/tr\/karriere\/stellenangebot-fahrschullehrer\/\" \/>\n<meta property=\"og:site_name\" content=\"Fahrschule Wienelf\" \/>\n<meta property=\"article:publisher\" content=\"https:\/\/www.facebook.com\/Fahrschule.Adnan.Karakoc\" \/>\n<meta property=\"article:modified_time\" content=\"2025-05-14T08:10:22+00:00\" \/>\n<meta name=\"twitter:card\" content=\"summary_large_image\" \/>\n<meta name=\"twitter:label1\" content=\"Tahmini okuma s\u00fcresi\" \/>\n\t<meta name=\"twitter:data1\" content=\"1 dakika\" \/>\n<script type=\"application\/ld+json\" class=\"yoast-schema-graph\">{\"@context\":\"https:\/\/schema.org\",\"@graph\":[{\"@type\":\"WebPage\",\"@id\":\"https:\/\/funny-brahmagupta.202-61-204-191.plesk.page\/karriere\/stellenangebot-fahrschullehrer\/\",\"url\":\"https:\/\/funny-brahmagupta.202-61-204-191.plesk.page\/karriere\/stellenangebot-fahrschullehrer\/\",\"name\":\"Stellenangebot: Fahrschullehrer - Fahrschule Wienelf\",\"isPartOf\":{\"@id\":\"https:\/\/funny-brahmagupta.202-61-204-191.plesk.page\/#website\"},\"datePublished\":\"2020-09-03T12:01:10+00:00\",\"dateModified\":\"2025-05-14T08:10:22+00:00\",\"breadcrumb\":{\"@id\":\"https:\/\/funny-brahmagupta.202-61-204-191.plesk.page\/karriere\/stellenangebot-fahrschullehrer\/#breadcrumb\"},\"inLanguage\":\"tr\",\"potentialAction\":[{\"@type\":\"ReadAction\",\"target\":[\"https:\/\/funny-brahmagupta.202-61-204-191.plesk.page\/karriere\/stellenangebot-fahrschullehrer\/\"]}]},{\"@type\":\"BreadcrumbList\",\"@id\":\"https:\/\/funny-brahmagupta.202-61-204-191.plesk.page\/karriere\/stellenangebot-fahrschullehrer\/#breadcrumb\",\"itemListElement\":[{\"@type\":\"ListItem\",\"position\":1,\"name\":\"Startseite\",\"item\":\"https:\/\/funny-brahmagupta.202-61-204-191.plesk.page\/\"},{\"@type\":\"ListItem\",\"position\":2,\"name\":\"Karriere\",\"item\":\"https:\/\/funny-brahmagupta.202-61-204-191.plesk.page\/karriere\/\"},{\"@type\":\"ListItem\",\"position\":3,\"name\":\"Stellenangebot: Fahrschullehrer\"}]},{\"@type\":\"WebSite\",\"@id\":\"https:\/\/funny-brahmagupta.202-61-204-191.plesk.page\/#website\",\"url\":\"https:\/\/funny-brahmagupta.202-61-204-191.plesk.page\/\",\"name\":\"Fahrschule Wienelf\",\"description\":\"\",\"publisher\":{\"@id\":\"https:\/\/funny-brahmagupta.202-61-204-191.plesk.page\/#organization\"},\"potentialAction\":[{\"@type\":\"SearchAction\",\"target\":{\"@type\":\"EntryPoint\",\"urlTemplate\":\"https:\/\/funny-brahmagupta.202-61-204-191.plesk.page\/?s={search_term_string}\"},\"query-input\":\"required name=search_term_string\"}],\"inLanguage\":\"tr\"},{\"@type\":\"Organization\",\"@id\":\"https:\/\/funny-brahmagupta.202-61-204-191.plesk.page\/#organization\",\"name\":\"Fahrschule Wienelf\",\"url\":\"https:\/\/funny-brahmagupta.202-61-204-191.plesk.page\/\",\"logo\":{\"@type\":\"ImageObject\",\"inLanguage\":\"tr\",\"@id\":\"https:\/\/funny-brahmagupta.202-61-204-191.plesk.page\/#\/schema\/logo\/image\/\",\"url\":\"https:\/\/funny-brahmagupta.202-61-204-191.plesk.page\/wp-content\/uploads\/2020\/11\/cropped-Elf-Logo-Transparent_Weisseschrift-1.png\",\"contentUrl\":\"https:\/\/funny-brahmagupta.202-61-204-191.plesk.page\/wp-content\/uploads\/2020\/11\/cropped-Elf-Logo-Transparent_Weisseschrift-1.png\",\"width\":4165,\"height\":725,\"caption\":\"Fahrschule Wienelf\"},\"image\":{\"@id\":\"https:\/\/funny-brahmagupta.202-61-204-191.plesk.page\/#\/schema\/logo\/image\/\"},\"sameAs\":[\"https:\/\/www.facebook.com\/Fahrschule.Adnan.Karakoc\"]}]}<\/script>\n<!-- \/ Yoast SEO plugin. -->","yoast_head_json":{"title":"Stellenangebot: Fahrschullehrer - Fahrschule Wienelf","robots":{"index":"index","follow":"follow","max-snippet":"max-snippet:-1","max-image-preview":"max-image-preview:large","max-video-preview":"max-video-preview:-1"},"canonical":"https:\/\/funny-brahmagupta.202-61-204-191.plesk.page\/tr\/karriere\/stellenangebot-fahrschullehrer\/","og_locale":"tr_TR","og_type":"article","og_title":"Stellenangebot: Fahrschullehrer - Fahrschule Wienelf","og_description":"Stellenangebot Klassen: A, B, C, D, BE, CE, DE Fahr(schul)Lehrer (m\/w\/d) Deine Aufgaben Kundenkontakt Ausbildung von Kunden in den jeweiligen F\u00fchrerscheinklassen Pr\u00fcfungsantritt Fahrzeugpflege und Wartung Theoretischer Unterricht (nur als Fahrschullehrer) Deine Qualifikation Fahr- oder Fahrschullehrerberechtigung f\u00fcr eine, der oben angef\u00fchrten F\u00fchrerscheinklassen Ausgezeichnete Deutschkenntnisse Effiziente u. eigenst\u00e4ndige Arbeitsweise Hohe Belastbarkeit, Durchhalteverm\u00f6gen Bereitschaft bestehendes Wissen und F\u00e4higkeiten [&hellip;]","og_url":"https:\/\/funny-brahmagupta.202-61-204-191.plesk.page\/tr\/karriere\/stellenangebot-fahrschullehrer\/","og_site_name":"Fahrschule Wienelf","article_publisher":"https:\/\/www.facebook.com\/Fahrschule.Adnan.Karakoc","article_modified_time":"2025-05-14T08:10:22+00:00","twitter_card":"summary_large_image","twitter_misc":{"Tahmini okuma s\u00fcresi":"1 dakika"},"schema":{"@context":"https:\/\/schema.org","@graph":[{"@type":"WebPage","@id":"https:\/\/funny-brahmagupta.202-61-204-191.plesk.page\/karriere\/stellenangebot-fahrschullehrer\/","url":"https:\/\/funny-brahmagupta.202-61-204-191.plesk.page\/karriere\/stellenangebot-fahrschullehrer\/","name":"Stellenangebot: Fahrschullehrer - Fahrschule Wienelf","isPartOf":{"@id":"https:\/\/funny-brahmagupta.202-61-204-191.plesk.page\/#website"},"datePublished":"2020-09-03T12:01:10+00:00","dateModified":"2025-05-14T08:10:22+00:00","breadcrumb":{"@id":"https:\/\/funny-brahmagupta.202-61-204-191.plesk.page\/karriere\/stellenangebot-fahrschullehrer\/#breadcrumb"},"inLanguage":"tr","potentialAction":[{"@type":"ReadAction","target":["https:\/\/funny-brahmagupta.202-61-204-191.plesk.page\/karriere\/stellenangebot-fahrschullehrer\/"]}]},{"@type":"BreadcrumbList","@id":"https:\/\/funny-brahmagupta.202-61-204-191.plesk.page\/karriere\/stellenangebot-fahrschullehrer\/#breadcrumb","itemListElement":[{"@type":"ListItem","position":1,"name":"Startseite","item":"https:\/\/funny-brahmagupta.202-61-204-191.plesk.page\/"},{"@type":"ListItem","position":2,"name":"Karriere","item":"https:\/\/funny-brahmagupta.202-61-204-191.plesk.page\/karriere\/"},{"@type":"ListItem","position":3,"name":"Stellenangebot: Fahrschullehrer"}]},{"@type":"WebSite","@id":"https:\/\/funny-brahmagupta.202-61-204-191.plesk.page\/#website","url":"https:\/\/funny-brahmagupta.202-61-204-191.plesk.page\/","name":"Fahrschule Wienelf","description":"","publisher":{"@id":"https:\/\/funny-brahmagupta.202-61-204-191.plesk.page\/#organization"},"potentialAction":[{"@type":"SearchAction","target":{"@type":"EntryPoint","urlTemplate":"https:\/\/funny-brahmagupta.202-61-204-191.plesk.page\/?s={search_term_string}"},"query-input":"required name=search_term_string"}],"inLanguage":"tr"},{"@type":"Organization","@id":"https:\/\/funny-brahmagupta.202-61-204-191.plesk.page\/#organization","name":"Fahrschule Wienelf","url":"https:\/\/funny-brahmagupta.202-61-204-191.plesk.page\/","logo":{"@type":"ImageObject","inLanguage":"tr","@id":"https:\/\/funny-brahmagupta.202-61-204-191.plesk.page\/#\/schema\/logo\/image\/","url":"https:\/\/funny-brahmagupta.202-61-204-191.plesk.page\/wp-content\/uploads\/2020\/11\/cropped-Elf-Logo-Transparent_Weisseschrift-1.png","contentUrl":"https:\/\/funny-brahmagupta.202-61-204-191.plesk.page\/wp-content\/uploads\/2020\/11\/cropped-Elf-Logo-Transparent_Weisseschrift-1.png","width":4165,"height":725,"caption":"Fahrschule Wienelf"},"image":{"@id":"https:\/\/funny-brahmagupta.202-61-204-191.plesk.page\/#\/schema\/logo\/image\/"},"sameAs":["https:\/\/www.facebook.com\/Fahrschule.Adnan.Karakoc"]}]}},"_links":{"self":[{"href":"https:\/\/funny-brahmagupta.202-61-204-191.plesk.page\/tr\/wp-json\/wp\/v2\/pages\/1693"}],"collection":[{"href":"https:\/\/funny-brahmagupta.202-61-204-191.plesk.page\/tr\/wp-json\/wp\/v2\/pages"}],"about":[{"href":"https:\/\/funny-brahmagupta.202-61-204-191.plesk.page\/tr\/wp-json\/wp\/v2\/types\/page"}],"author":[{"embeddable":true,"href":"https:\/\/funny-brahmagupta.202-61-204-191.plesk.page\/tr\/wp-json\/wp\/v2\/users\/1"}],"replies":[{"embeddable":true,"href":"https:\/\/funny-brahmagupta.202-61-204-191.plesk.page\/tr\/wp-json\/wp\/v2\/comments?post=1693"}],"version-history":[{"count":17,"href":"https:\/\/funny-brahmagupta.202-61-204-191.plesk.page\/tr\/wp-json\/wp\/v2\/pages\/1693\/revisions"}],"predecessor-version":[{"id":2868,"href":"https:\/\/funny-brahmagupta.202-61-204-191.plesk.page\/tr\/wp-json\/wp\/v2\/pages\/1693\/revisions\/2868"}],"up":[{"embeddable":true,"href":"https:\/\/funny-brahmagupta.202-61-204-191.plesk.page\/tr\/wp-json\/wp\/v2\/pages\/1652"}],"wp:attachment":[{"href":"https:\/\/funny-brahmagupta.202-61-204-191.plesk.page\/tr\/wp-json\/wp\/v2\/media?parent=1693"}],"curies":[{"name":"wp","href":"https:\/\/api.w.org\/{rel}","templated":true}]}}