{"id":1652,"date":"2020-09-03T11:41:10","date_gmt":"2020-09-03T09:41:10","guid":{"rendered":"https:\/\/funny-brahmagupta.202-61-204-191.plesk.page\/?page_id=1652"},"modified":"2023-02-06T00:10:10","modified_gmt":"2023-02-05T22:10:10","slug":"karriere","status":"publish","type":"page","link":"https:\/\/funny-brahmagupta.202-61-204-191.plesk.page\/tr\/karriere\/","title":{"rendered":"Kariyer"},"content":{"rendered":"<div data-elementor-type=\"wp-page\" data-elementor-id=\"1652\" class=\"elementor elementor-1652\" data-elementor-post-type=\"page\">\n\t\t\t\t\t\t\t\t\t<section class=\"elementor-section elementor-top-section elementor-element elementor-element-5ac09c28 elementor-section-height-min-height elementor-section-stretched elementor-section-full_width elementor-section-height-default elementor-section-items-middle\" data-id=\"5ac09c28\" data-element_type=\"section\" data-settings=\"{&quot;background_background&quot;:&quot;classic&quot;,&quot;background_motion_fx_motion_fx_scrolling&quot;:&quot;yes&quot;,&quot;background_motion_fx_scale_effect&quot;:&quot;yes&quot;,&quot;background_motion_fx_scale_direction&quot;:&quot;in-out&quot;,&quot;background_motion_fx_scale_speed&quot;:{&quot;unit&quot;:&quot;px&quot;,&quot;size&quot;:7,&quot;sizes&quot;:[]},&quot;background_motion_fx_scale_range&quot;:{&quot;unit&quot;:&quot;%&quot;,&quot;size&quot;:&quot;&quot;,&quot;sizes&quot;:{&quot;start&quot;:&quot;0&quot;,&quot;end&quot;:&quot;80&quot;}},&quot;stretch_section&quot;:&quot;section-stretched&quot;,&quot;background_motion_fx_devices&quot;:[&quot;desktop&quot;]}\">\n\t\t\t\t\t\t\t<div class=\"elementor-background-overlay\"><\/div>\n\t\t\t\t\t\t\t<div class=\"elementor-container elementor-column-gap-default\">\n\t\t\t\t\t<div class=\"elementor-column elementor-col-100 elementor-top-column elementor-element elementor-element-3bd7e3b6\" data-id=\"3bd7e3b6\" data-element_type=\"column\">\n\t\t\t<div class=\"elementor-widget-wrap elementor-element-populated\">\n\t\t\t\t\t\t\t\t<div class=\"elementor-element elementor-element-5c1612f9 elementor-widget elementor-widget-heading\" data-id=\"5c1612f9\" data-element_type=\"widget\" data-widget_type=\"heading.default\">\n\t\t\t\t<div class=\"elementor-widget-container\">\n\t\t\t<h1 class=\"elementor-heading-title elementor-size-default\">Kariyer<\/h1>\t\t<\/div>\n\t\t\t\t<\/div>\n\t\t\t\t\t<\/div>\n\t\t<\/div>\n\t\t\t\t\t\t\t<\/div>\n\t\t<\/section>\n\t\t\t\t<section class=\"elementor-section elementor-top-section elementor-element elementor-element-5efc00f9 elementor-section-boxed elementor-section-height-default elementor-section-height-default\" data-id=\"5efc00f9\" data-element_type=\"section\" data-settings=\"{&quot;background_background&quot;:&quot;classic&quot;}\">\n\t\t\t\t\t\t<div class=\"elementor-container elementor-column-gap-default\">\n\t\t\t\t\t<div class=\"elementor-column elementor-col-100 elementor-top-column elementor-element elementor-element-4abbd23e\" data-id=\"4abbd23e\" data-element_type=\"column\">\n\t\t\t<div class=\"elementor-widget-wrap elementor-element-populated\">\n\t\t\t\t\t\t\t\t<div class=\"elementor-element elementor-element-2daa0ead elementor-widget elementor-widget-heading\" data-id=\"2daa0ead\" data-element_type=\"widget\" data-widget_type=\"heading.default\">\n\t\t\t\t<div class=\"elementor-widget-container\">\n\t\t\t<h4 class=\"elementor-heading-title elementor-size-default\">Bu ailenin bir par\u00e7as\u0131 olun<\/h4>\t\t<\/div>\n\t\t\t\t<\/div>\n\t\t\t\t<div class=\"elementor-element elementor-element-2a656bb7 elementor-widget elementor-widget-heading\" data-id=\"2a656bb7\" data-element_type=\"widget\" data-widget_type=\"heading.default\">\n\t\t\t\t<div class=\"elementor-widget-container\">\n\t\t\t<h2 class=\"elementor-heading-title elementor-size-default\">Tak\u0131m\u0131m\u0131za destek ar\u0131yoruz <\/h2>\t\t<\/div>\n\t\t\t\t<\/div>\n\t\t\t\t<section class=\"elementor-section elementor-inner-section elementor-element elementor-element-41205e51 elementor-section-boxed elementor-section-height-default elementor-section-height-default\" data-id=\"41205e51\" data-element_type=\"section\">\n\t\t\t\t\t\t<div class=\"elementor-container elementor-column-gap-default\">\n\t\t\t\t\t<div class=\"elementor-column elementor-col-50 elementor-inner-column elementor-element elementor-element-4d78e8c4\" data-id=\"4d78e8c4\" data-element_type=\"column\">\n\t\t\t<div class=\"elementor-widget-wrap elementor-element-populated\">\n\t\t\t\t\t\t\t\t<div class=\"elementor-element elementor-element-67b5770f elementor-widget elementor-widget-text-editor\" data-id=\"67b5770f\" data-element_type=\"widget\" data-widget_type=\"text-editor.default\">\n\t\t\t\t<div class=\"elementor-widget-container\">\n\t\t\t\t\t\t\t<p>Viyana Simmering'de gen\u00e7 bir s\u00fcr\u00fcc\u00fc kursuyuz. Bizimle herhangi bir ehliyet s\u0131n\u0131f\u0131 i\u00e7in e\u011fitim yapabilirsiniz. Ancak odak noktam\u0131z, B ehliyet kategorisine sahip m\u00fc\u015fterilere e\u015flik etmek ve bunlar\u0131 ba\u015far\u0131yla e\u011fitmektir.<i>Bu etkinlikleri tutkumuz haline getirdik.\u00a0<\/i><\/p>\t\t\t\t\t\t<\/div>\n\t\t\t\t<\/div>\n\t\t\t\t\t<\/div>\n\t\t<\/div>\n\t\t\t\t<div class=\"elementor-column elementor-col-50 elementor-inner-column elementor-element elementor-element-1aea0b14\" data-id=\"1aea0b14\" data-element_type=\"column\">\n\t\t\t<div class=\"elementor-widget-wrap elementor-element-populated\">\n\t\t\t\t\t\t\t\t<div class=\"elementor-element elementor-element-78ca6ec5 elementor-widget elementor-widget-text-editor\" data-id=\"78ca6ec5\" data-element_type=\"widget\" data-widget_type=\"text-editor.default\">\n\t\t\t\t<div class=\"elementor-widget-container\">\n\t\t\t\t\t\t\t<p>M\u00fc\u015fterilerimizin tam memnuniyeti bizim \u00f6nceli\u011fimizdir. Bu y\u00fczden onlar\u0131n bak\u0131m\u0131 daha da \u00f6nemlidir. Ba\u015far\u0131m\u0131z\u0131 artt\u0131rabilmek i\u00e7in sizlerin de deste\u011fiyle ekibimizi g\u00fc\u00e7lendirmeye kararl\u0131y\u0131z!<\/p>\t\t\t\t\t\t<\/div>\n\t\t\t\t<\/div>\n\t\t\t\t\t<\/div>\n\t\t<\/div>\n\t\t\t\t\t\t\t<\/div>\n\t\t<\/section>\n\t\t\t\t\t<\/div>\n\t\t<\/div>\n\t\t\t\t\t\t\t<\/div>\n\t\t<\/section>\n\t\t\t\t<section class=\"elementor-section elementor-top-section elementor-element elementor-element-2245154f elementor-section-full_width elementor-section-height-default elementor-section-height-default\" data-id=\"2245154f\" data-element_type=\"section\" data-settings=\"{&quot;background_background&quot;:&quot;classic&quot;}\">\n\t\t\t\t\t\t<div class=\"elementor-container elementor-column-gap-default\">\n\t\t\t\t\t<div class=\"elementor-column elementor-col-100 elementor-top-column elementor-element elementor-element-3c23b5cf\" data-id=\"3c23b5cf\" data-element_type=\"column\">\n\t\t\t<div class=\"elementor-widget-wrap elementor-element-populated\">\n\t\t\t\t\t\t\t\t<section class=\"elementor-section elementor-inner-section elementor-element elementor-element-329d02de elementor-section-boxed elementor-section-height-default elementor-section-height-default\" data-id=\"329d02de\" data-element_type=\"section\">\n\t\t\t\t\t\t<div class=\"elementor-container elementor-column-gap-default\">\n\t\t\t\t\t<div class=\"elementor-column elementor-col-50 elementor-inner-column elementor-element elementor-element-1f9054df\" data-id=\"1f9054df\" data-element_type=\"column\">\n\t\t\t<div class=\"elementor-widget-wrap elementor-element-populated\">\n\t\t\t\t\t\t\t\t<div class=\"elementor-element elementor-element-61258cfd elementor-widget elementor-widget-heading\" data-id=\"61258cfd\" data-element_type=\"widget\" data-widget_type=\"heading.default\">\n\t\t\t\t<div class=\"elementor-widget-container\">\n\t\t\t<h4 class=\"elementor-heading-title elementor-size-default\">Seni ar\u0131yoruz<\/h4>\t\t<\/div>\n\t\t\t\t<\/div>\n\t\t\t\t<div class=\"elementor-element elementor-element-1fa999b6 elementor-widget elementor-widget-heading\" data-id=\"1fa999b6\" data-element_type=\"widget\" data-widget_type=\"heading.default\">\n\t\t\t\t<div class=\"elementor-widget-container\">\n\t\t\t<h2 class=\"elementor-heading-title elementor-size-default\">A\u00e7\u0131k pozisyonlar\u0131m\u0131z<\/h2>\t\t<\/div>\n\t\t\t\t<\/div>\n\t\t\t\t\t<\/div>\n\t\t<\/div>\n\t\t\t\t<div class=\"elementor-column elementor-col-50 elementor-inner-column elementor-element elementor-element-52f4fe47\" data-id=\"52f4fe47\" data-element_type=\"column\">\n\t\t\t<div class=\"elementor-widget-wrap elementor-element-populated\">\n\t\t\t\t\t\t\t\t<div class=\"elementor-element elementor-element-5cba1c0e elementor-widget-divider--view-line elementor-widget elementor-widget-divider\" data-id=\"5cba1c0e\" data-element_type=\"widget\" data-settings=\"{&quot;motion_fx_motion_fx_scrolling&quot;:&quot;yes&quot;,&quot;motion_fx_scale_effect&quot;:&quot;yes&quot;,&quot;motion_fx_scale_direction&quot;:&quot;in-out&quot;,&quot;motion_fx_scale_speed&quot;:{&quot;unit&quot;:&quot;px&quot;,&quot;size&quot;:&quot;-10&quot;,&quot;sizes&quot;:[]},&quot;motion_fx_scale_range&quot;:{&quot;unit&quot;:&quot;%&quot;,&quot;size&quot;:&quot;&quot;,&quot;sizes&quot;:{&quot;start&quot;:&quot;0&quot;,&quot;end&quot;:&quot;50&quot;}},&quot;motion_fx_devices&quot;:[&quot;desktop&quot;,&quot;tablet&quot;,&quot;mobile&quot;]}\" data-widget_type=\"divider.default\">\n\t\t\t\t<div class=\"elementor-widget-container\">\n\t\t\t\t\t<div class=\"elementor-divider\">\n\t\t\t<span class=\"elementor-divider-separator\">\n\t\t\t\t\t\t<\/span>\n\t\t<\/div>\n\t\t\t\t<\/div>\n\t\t\t\t<\/div>\n\t\t\t\t\t<\/div>\n\t\t<\/div>\n\t\t\t\t\t\t\t<\/div>\n\t\t<\/section>\n\t\t\t\t\t<\/div>\n\t\t<\/div>\n\t\t\t\t\t\t\t<\/div>\n\t\t<\/section>\n\t\t\t\t<section class=\"elementor-section elementor-inner-section elementor-element elementor-element-2d6569c9 elementor-section-boxed elementor-section-height-default elementor-section-height-default\" data-id=\"2d6569c9\" data-element_type=\"section\">\n\t\t\t\t\t\t<div class=\"elementor-container elementor-column-gap-default\">\n\t\t\t\t\t<div class=\"elementor-column elementor-col-50 elementor-inner-column elementor-element elementor-element-faac096\" data-id=\"faac096\" data-element_type=\"column\">\n\t\t\t<div class=\"elementor-widget-wrap elementor-element-populated\">\n\t\t\t\t\t\t\t\t<div class=\"elementor-element elementor-element-4911faa elementor-flip-box--effect-fade elementor-widget elementor-widget-flip-box\" data-id=\"4911faa\" data-element_type=\"widget\" data-widget_type=\"flip-box.default\">\n\t\t\t\t<div class=\"elementor-widget-container\">\n\t\t\t\t\t<div class=\"elementor-flip-box\" tabindex=\"0\">\n\t\t\t<div class=\"elementor-flip-box__layer elementor-flip-box__front\">\n\t\t\t\t<div class=\"elementor-flip-box__layer__overlay\">\n\t\t\t\t\t<div class=\"elementor-flip-box__layer__inner\">\n\t\t\t\t\t\t\n\t\t\t\t\t\t\t\t\t\t\t\t\t<h3 class=\"elementor-flip-box__layer__title\">\n\t\t\t\t\t\t\t\tS\u00fcr\u00fcc\u00fc kursu (okul) e\u011fitmeni olarak \u00e7\u0131rakl\u0131k (m\/f\/d)\t\t\t\t\t\t\t<\/h3>\n\t\t\t\t\t\t\n\t\t\t\t\t\t\t\t\t\t\t<\/div>\n\t\t\t\t<\/div>\n\t\t\t<\/div>\n\t\t\t<a class=\"elementor-flip-box__layer elementor-flip-box__back\" href=\"https:\/\/funny-brahmagupta.202-61-204-191.plesk.page\/tr\/karriere\/fahrschullehrerausbildung\/\">\n\t\t\t<div class=\"elementor-flip-box__layer__overlay\">\n\t\t\t\t<div class=\"elementor-flip-box__layer__inner\">\n\t\t\t\t\t\t\t\t\t\t\t<h3 class=\"elementor-flip-box__layer__title\">\n\t\t\t\t\t\t\tS\u00fcr\u00fcc\u00fc kursu (okul) e\u011fitmeni olarak \u00e7\u0131rakl\u0131k (m\/f\/d)\t\t\t\t\t\t<\/h3>\n\t\t\t\t\t\n\t\t\t\t\t\n\t\t\t\t\t\t\t\t<\/div>\n\t\t<\/div>\n\t\t<\/a>\n\t\t<\/div>\n\t\t\t\t<\/div>\n\t\t\t\t<\/div>\n\t\t\t\t\t<\/div>\n\t\t<\/div>\n\t\t\t\t<div class=\"elementor-column elementor-col-50 elementor-inner-column elementor-element elementor-element-422b9f79\" data-id=\"422b9f79\" data-element_type=\"column\">\n\t\t\t<div class=\"elementor-widget-wrap elementor-element-populated\">\n\t\t\t\t\t\t\t\t<div class=\"elementor-element elementor-element-7e465cd9 elementor-flip-box--effect-fade elementor-widget elementor-widget-flip-box\" data-id=\"7e465cd9\" data-element_type=\"widget\" data-widget_type=\"flip-box.default\">\n\t\t\t\t<div class=\"elementor-widget-container\">\n\t\t\t\t\t<div class=\"elementor-flip-box\" tabindex=\"0\">\n\t\t\t<div class=\"elementor-flip-box__layer elementor-flip-box__front\">\n\t\t\t\t<div class=\"elementor-flip-box__layer__overlay\">\n\t\t\t\t\t<div class=\"elementor-flip-box__layer__inner\">\n\t\t\t\t\t\t\n\t\t\t\t\t\t\t\t\t\t\t\t\t<h3 class=\"elementor-flip-box__layer__title\">\n\t\t\t\t\t\t\t\tS\u00fcr\u00fc\u015f (okul) e\u011fitmeni (m\/f\/d)\t\t\t\t\t\t\t<\/h3>\n\t\t\t\t\t\t\n\t\t\t\t\t\t\t\t\t\t\t<\/div>\n\t\t\t\t<\/div>\n\t\t\t<\/div>\n\t\t\t<a class=\"elementor-flip-box__layer elementor-flip-box__back\" href=\"https:\/\/funny-brahmagupta.202-61-204-191.plesk.page\/tr\/karriere\/stellenangebot-fahrschullehrer\/\">\n\t\t\t<div class=\"elementor-flip-box__layer__overlay\">\n\t\t\t\t<div class=\"elementor-flip-box__layer__inner\">\n\t\t\t\t\t\t\t\t\t\t\t<h3 class=\"elementor-flip-box__layer__title\">\n\t\t\t\t\t\t\tS\u00fcr\u00fc\u015f (okul) e\u011fitmeni (m\/f\/d)\t\t\t\t\t\t<\/h3>\n\t\t\t\t\t\n\t\t\t\t\t\n\t\t\t\t\t\t\t\t<\/div>\n\t\t<\/div>\n\t\t<\/a>\n\t\t<\/div>\n\t\t\t\t<\/div>\n\t\t\t\t<\/div>\n\t\t\t\t\t<\/div>\n\t\t<\/div>\n\t\t\t\t\t\t\t<\/div>\n\t\t<\/section>\n\t\t\t\t<section class=\"elementor-section elementor-inner-section elementor-element elementor-element-1012908 elementor-section-boxed elementor-section-height-default elementor-section-height-default\" data-id=\"1012908\" data-element_type=\"section\">\n\t\t\t\t\t\t<div class=\"elementor-container elementor-column-gap-default\">\n\t\t\t\t\t<div class=\"elementor-column elementor-col-50 elementor-inner-column elementor-element elementor-element-07c4161\" data-id=\"07c4161\" data-element_type=\"column\">\n\t\t\t<div class=\"elementor-widget-wrap elementor-element-populated\">\n\t\t\t\t\t\t\t\t<div class=\"elementor-element elementor-element-3d1e05e elementor-flip-box--effect-fade elementor-widget elementor-widget-flip-box\" data-id=\"3d1e05e\" data-element_type=\"widget\" data-widget_type=\"flip-box.default\">\n\t\t\t\t<div class=\"elementor-widget-container\">\n\t\t\t\t\t<div class=\"elementor-flip-box\" tabindex=\"0\">\n\t\t\t<div class=\"elementor-flip-box__layer elementor-flip-box__front\">\n\t\t\t\t<div class=\"elementor-flip-box__layer__overlay\">\n\t\t\t\t\t<div class=\"elementor-flip-box__layer__inner\">\n\t\t\t\t\t\t\n\t\t\t\t\t\t\t\t\t\t\t\t\t<h3 class=\"elementor-flip-box__layer__title\">\n\t\t\t\t\t\t\t\tOfis \u00e7al\u0131\u015fan\u0131 (e\/f\/d)\t\t\t\t\t\t\t<\/h3>\n\t\t\t\t\t\t\n\t\t\t\t\t\t\t\t\t\t\t<\/div>\n\t\t\t\t<\/div>\n\t\t\t<\/div>\n\t\t\t<a class=\"elementor-flip-box__layer elementor-flip-box__back\" href=\"https:\/\/funny-brahmagupta.202-61-204-191.plesk.page\/tr\/karriere\/stellenangebot-bueromitarbeiter\/\">\n\t\t\t<div class=\"elementor-flip-box__layer__overlay\">\n\t\t\t\t<div class=\"elementor-flip-box__layer__inner\">\n\t\t\t\t\t\t\t\t\t\t\t<h3 class=\"elementor-flip-box__layer__title\">\n\t\t\t\t\t\t\tOfis \u00e7al\u0131\u015fan\u0131 (e\/f\/d)\t\t\t\t\t\t<\/h3>\n\t\t\t\t\t\n\t\t\t\t\t\n\t\t\t\t\t\t\t\t<\/div>\n\t\t<\/div>\n\t\t<\/a>\n\t\t<\/div>\n\t\t\t\t<\/div>\n\t\t\t\t<\/div>\n\t\t\t\t\t<\/div>\n\t\t<\/div>\n\t\t\t\t<div class=\"elementor-column elementor-col-50 elementor-inner-column elementor-element elementor-element-ff2905f\" data-id=\"ff2905f\" data-element_type=\"column\">\n\t\t\t<div class=\"elementor-widget-wrap\">\n\t\t\t\t\t\t\t\t\t<\/div>\n\t\t<\/div>\n\t\t\t\t\t\t\t<\/div>\n\t\t<\/section>\n\t\t\t\t<section class=\"elementor-section elementor-top-section elementor-element elementor-element-044484d elementor-section-boxed elementor-section-height-default elementor-section-height-default\" data-id=\"044484d\" data-element_type=\"section\">\n\t\t\t\t\t\t<div class=\"elementor-container elementor-column-gap-default\">\n\t\t\t\t\t<div class=\"elementor-column elementor-col-100 elementor-top-column elementor-element elementor-element-95e6068\" data-id=\"95e6068\" data-element_type=\"column\">\n\t\t\t<div class=\"elementor-widget-wrap elementor-element-populated\">\n\t\t\t\t\t\t\t\t<div class=\"elementor-element elementor-element-3ba2663 elementor-widget elementor-widget-text-editor\" data-id=\"3ba2663\" data-element_type=\"widget\" data-widget_type=\"text-editor.default\">\n\t\t\t\t<div class=\"elementor-widget-container\">\n\t\t\t\t\t\t\tSizce bu pozisyon size uygun mu? Ba\u015fvurunuzu d\u00f6rt g\u00f6zle bekliyoruz! Verilerinizi mutlak gizlilikle ele al\u0131yoruz! L\u00fctfen \u00f6zge\u00e7mi\u015finizi, sertifikalar\u0131n\u0131z\u0131 ve foto\u011fraf\u0131n\u0131z\u0131 i\u00e7eren ba\u015fvuru mektubunuzu elektronik olarak \u015fu adrese g\u00f6nderin:<br>\n\n<i class=\"fas fa-angle-double-right\" aria-hidden=\"true\"><\/i><a href=\"mailto:bewerbung@wienelf.at\">bewerbung@wienelf.at\u00a0<\/a>\t\t\t\t\t\t<\/div>\n\t\t\t\t<\/div>\n\t\t\t\t<div class=\"elementor-element elementor-element-74d6530 elementor-widget elementor-widget-text-editor\" data-id=\"74d6530\" data-element_type=\"widget\" data-widget_type=\"text-editor.default\">\n\t\t\t\t<div class=\"elementor-widget-container\">\n\t\t\t\t\t\t\tMaliyetler, kurs tarihleri \u200b\u200bve saatleri hakk\u0131nda daha fazla bilgi i\u00e7in bize bir e-posta g\u00f6nderin: <br><i class=\"fas fa-angle-double-right\" aria-hidden=\"true\"><\/i><a href=\"mailto:office@fahrschule-wienelf.at\">office@fahrschule-wienelf.at<\/a>\t\t\t\t\t\t<\/div>\n\t\t\t\t<\/div>\n\t\t\t\t\t<\/div>\n\t\t<\/div>\n\t\t\t\t\t\t\t<\/div>\n\t\t<\/section>\n\t\t\t\t\t\t\t<\/div>","protected":false},"excerpt":{"rendered":"<p>Karriere Sei ein Teil dieser Familie Wir suchen Unterst\u00fctzung f\u00fcr unser Team Wir sind eine junge Fahrschule in Wien Simmering. Bei uns k\u00f6nnen Sie Ausbildungen jeder beliebigen F\u00fchrerscheinklasse durchf\u00fchren. Unser Fokus widmet sich jedoch, Kunden in der F\u00fchrerscheinklasse B zu begleiten und erfolgreich auszubilden. Diese T\u00e4tigkeiten haben wir uns zur Leidenschaft gemacht.\u00a0 Die umfassende Zufriedenheit [&hellip;]<\/p>","protected":false},"author":1,"featured_media":0,"parent":0,"menu_order":0,"comment_status":"closed","ping_status":"closed","template":"","meta":{"footnotes":""},"yoast_head":"<!-- This site is optimized with the Yoast SEO plugin v21.5 - https:\/\/yoast.com\/wordpress\/plugins\/seo\/ -->\n<title>Karriere - Fahrschule Wienelf<\/title>\n<meta name=\"robots\" content=\"index, follow, max-snippet:-1, max-image-preview:large, max-video-preview:-1\" \/>\n<link rel=\"canonical\" href=\"https:\/\/funny-brahmagupta.202-61-204-191.plesk.page\/tr\/karriere\/\" \/>\n<meta property=\"og:locale\" content=\"tr_TR\" \/>\n<meta property=\"og:type\" content=\"article\" \/>\n<meta property=\"og:title\" content=\"Karriere - Fahrschule Wienelf\" \/>\n<meta property=\"og:description\" content=\"Karriere Sei ein Teil dieser Familie Wir suchen Unterst\u00fctzung f\u00fcr unser Team Wir sind eine junge Fahrschule in Wien Simmering. Bei uns k\u00f6nnen Sie Ausbildungen jeder beliebigen F\u00fchrerscheinklasse durchf\u00fchren. Unser Fokus widmet sich jedoch, Kunden in der F\u00fchrerscheinklasse B zu begleiten und erfolgreich auszubilden. Diese T\u00e4tigkeiten haben wir uns zur Leidenschaft gemacht.\u00a0 Die umfassende Zufriedenheit [&hellip;]\" \/>\n<meta property=\"og:url\" content=\"https:\/\/funny-brahmagupta.202-61-204-191.plesk.page\/tr\/karriere\/\" \/>\n<meta property=\"og:site_name\" content=\"Fahrschule Wienelf\" \/>\n<meta property=\"article:publisher\" content=\"https:\/\/www.facebook.com\/Fahrschule.Adnan.Karakoc\" \/>\n<meta property=\"article:modified_time\" content=\"2023-02-05T22:10:10+00:00\" \/>\n<meta name=\"twitter:card\" content=\"summary_large_image\" \/>\n<meta name=\"twitter:label1\" content=\"Tahmini okuma s\u00fcresi\" \/>\n\t<meta name=\"twitter:data1\" content=\"1 dakika\" \/>\n<script type=\"application\/ld+json\" class=\"yoast-schema-graph\">{\"@context\":\"https:\/\/schema.org\",\"@graph\":[{\"@type\":\"WebPage\",\"@id\":\"https:\/\/funny-brahmagupta.202-61-204-191.plesk.page\/karriere\/\",\"url\":\"https:\/\/funny-brahmagupta.202-61-204-191.plesk.page\/karriere\/\",\"name\":\"Karriere - Fahrschule Wienelf\",\"isPartOf\":{\"@id\":\"https:\/\/funny-brahmagupta.202-61-204-191.plesk.page\/#website\"},\"datePublished\":\"2020-09-03T09:41:10+00:00\",\"dateModified\":\"2023-02-05T22:10:10+00:00\",\"breadcrumb\":{\"@id\":\"https:\/\/funny-brahmagupta.202-61-204-191.plesk.page\/karriere\/#breadcrumb\"},\"inLanguage\":\"tr\",\"potentialAction\":[{\"@type\":\"ReadAction\",\"target\":[\"https:\/\/funny-brahmagupta.202-61-204-191.plesk.page\/karriere\/\"]}]},{\"@type\":\"BreadcrumbList\",\"@id\":\"https:\/\/funny-brahmagupta.202-61-204-191.plesk.page\/karriere\/#breadcrumb\",\"itemListElement\":[{\"@type\":\"ListItem\",\"position\":1,\"name\":\"Startseite\",\"item\":\"https:\/\/funny-brahmagupta.202-61-204-191.plesk.page\/\"},{\"@type\":\"ListItem\",\"position\":2,\"name\":\"Karriere\"}]},{\"@type\":\"WebSite\",\"@id\":\"https:\/\/funny-brahmagupta.202-61-204-191.plesk.page\/#website\",\"url\":\"https:\/\/funny-brahmagupta.202-61-204-191.plesk.page\/\",\"name\":\"Fahrschule Wienelf\",\"description\":\"\",\"publisher\":{\"@id\":\"https:\/\/funny-brahmagupta.202-61-204-191.plesk.page\/#organization\"},\"potentialAction\":[{\"@type\":\"SearchAction\",\"target\":{\"@type\":\"EntryPoint\",\"urlTemplate\":\"https:\/\/funny-brahmagupta.202-61-204-191.plesk.page\/?s={search_term_string}\"},\"query-input\":\"required name=search_term_string\"}],\"inLanguage\":\"tr\"},{\"@type\":\"Organization\",\"@id\":\"https:\/\/funny-brahmagupta.202-61-204-191.plesk.page\/#organization\",\"name\":\"Fahrschule Wienelf\",\"url\":\"https:\/\/funny-brahmagupta.202-61-204-191.plesk.page\/\",\"logo\":{\"@type\":\"ImageObject\",\"inLanguage\":\"tr\",\"@id\":\"https:\/\/funny-brahmagupta.202-61-204-191.plesk.page\/#\/schema\/logo\/image\/\",\"url\":\"https:\/\/funny-brahmagupta.202-61-204-191.plesk.page\/wp-content\/uploads\/2020\/11\/cropped-Elf-Logo-Transparent_Weisseschrift-1.png\",\"contentUrl\":\"https:\/\/funny-brahmagupta.202-61-204-191.plesk.page\/wp-content\/uploads\/2020\/11\/cropped-Elf-Logo-Transparent_Weisseschrift-1.png\",\"width\":4165,\"height\":725,\"caption\":\"Fahrschule Wienelf\"},\"image\":{\"@id\":\"https:\/\/funny-brahmagupta.202-61-204-191.plesk.page\/#\/schema\/logo\/image\/\"},\"sameAs\":[\"https:\/\/www.facebook.com\/Fahrschule.Adnan.Karakoc\"]}]}<\/script>\n<!-- \/ Yoast SEO plugin. -->","yoast_head_json":{"title":"Karriere - Fahrschule Wienelf","robots":{"index":"index","follow":"follow","max-snippet":"max-snippet:-1","max-image-preview":"max-image-preview:large","max-video-preview":"max-video-preview:-1"},"canonical":"https:\/\/funny-brahmagupta.202-61-204-191.plesk.page\/tr\/karriere\/","og_locale":"tr_TR","og_type":"article","og_title":"Karriere - Fahrschule Wienelf","og_description":"Karriere Sei ein Teil dieser Familie Wir suchen Unterst\u00fctzung f\u00fcr unser Team Wir sind eine junge Fahrschule in Wien Simmering. Bei uns k\u00f6nnen Sie Ausbildungen jeder beliebigen F\u00fchrerscheinklasse durchf\u00fchren. Unser Fokus widmet sich jedoch, Kunden in der F\u00fchrerscheinklasse B zu begleiten und erfolgreich auszubilden. Diese T\u00e4tigkeiten haben wir uns zur Leidenschaft gemacht.\u00a0 Die umfassende Zufriedenheit [&hellip;]","og_url":"https:\/\/funny-brahmagupta.202-61-204-191.plesk.page\/tr\/karriere\/","og_site_name":"Fahrschule Wienelf","article_publisher":"https:\/\/www.facebook.com\/Fahrschule.Adnan.Karakoc","article_modified_time":"2023-02-05T22:10:10+00:00","twitter_card":"summary_large_image","twitter_misc":{"Tahmini okuma s\u00fcresi":"1 dakika"},"schema":{"@context":"https:\/\/schema.org","@graph":[{"@type":"WebPage","@id":"https:\/\/funny-brahmagupta.202-61-204-191.plesk.page\/karriere\/","url":"https:\/\/funny-brahmagupta.202-61-204-191.plesk.page\/karriere\/","name":"Karriere - Fahrschule Wienelf","isPartOf":{"@id":"https:\/\/funny-brahmagupta.202-61-204-191.plesk.page\/#website"},"datePublished":"2020-09-03T09:41:10+00:00","dateModified":"2023-02-05T22:10:10+00:00","breadcrumb":{"@id":"https:\/\/funny-brahmagupta.202-61-204-191.plesk.page\/karriere\/#breadcrumb"},"inLanguage":"tr","potentialAction":[{"@type":"ReadAction","target":["https:\/\/funny-brahmagupta.202-61-204-191.plesk.page\/karriere\/"]}]},{"@type":"BreadcrumbList","@id":"https:\/\/funny-brahmagupta.202-61-204-191.plesk.page\/karriere\/#breadcrumb","itemListElement":[{"@type":"ListItem","position":1,"name":"Startseite","item":"https:\/\/funny-brahmagupta.202-61-204-191.plesk.page\/"},{"@type":"ListItem","position":2,"name":"Karriere"}]},{"@type":"WebSite","@id":"https:\/\/funny-brahmagupta.202-61-204-191.plesk.page\/#website","url":"https:\/\/funny-brahmagupta.202-61-204-191.plesk.page\/","name":"Fahrschule Wienelf","description":"","publisher":{"@id":"https:\/\/funny-brahmagupta.202-61-204-191.plesk.page\/#organization"},"potentialAction":[{"@type":"SearchAction","target":{"@type":"EntryPoint","urlTemplate":"https:\/\/funny-brahmagupta.202-61-204-191.plesk.page\/?s={search_term_string}"},"query-input":"required name=search_term_string"}],"inLanguage":"tr"},{"@type":"Organization","@id":"https:\/\/funny-brahmagupta.202-61-204-191.plesk.page\/#organization","name":"Fahrschule Wienelf","url":"https:\/\/funny-brahmagupta.202-61-204-191.plesk.page\/","logo":{"@type":"ImageObject","inLanguage":"tr","@id":"https:\/\/funny-brahmagupta.202-61-204-191.plesk.page\/#\/schema\/logo\/image\/","url":"https:\/\/funny-brahmagupta.202-61-204-191.plesk.page\/wp-content\/uploads\/2020\/11\/cropped-Elf-Logo-Transparent_Weisseschrift-1.png","contentUrl":"https:\/\/funny-brahmagupta.202-61-204-191.plesk.page\/wp-content\/uploads\/2020\/11\/cropped-Elf-Logo-Transparent_Weisseschrift-1.png","width":4165,"height":725,"caption":"Fahrschule Wienelf"},"image":{"@id":"https:\/\/funny-brahmagupta.202-61-204-191.plesk.page\/#\/schema\/logo\/image\/"},"sameAs":["https:\/\/www.facebook.com\/Fahrschule.Adnan.Karakoc"]}]}},"_links":{"self":[{"href":"https:\/\/funny-brahmagupta.202-61-204-191.plesk.page\/tr\/wp-json\/wp\/v2\/pages\/1652"}],"collection":[{"href":"https:\/\/funny-brahmagupta.202-61-204-191.plesk.page\/tr\/wp-json\/wp\/v2\/pages"}],"about":[{"href":"https:\/\/funny-brahmagupta.202-61-204-191.plesk.page\/tr\/wp-json\/wp\/v2\/types\/page"}],"author":[{"embeddable":true,"href":"https:\/\/funny-brahmagupta.202-61-204-191.plesk.page\/tr\/wp-json\/wp\/v2\/users\/1"}],"replies":[{"embeddable":true,"href":"https:\/\/funny-brahmagupta.202-61-204-191.plesk.page\/tr\/wp-json\/wp\/v2\/comments?post=1652"}],"version-history":[{"count":50,"href":"https:\/\/funny-brahmagupta.202-61-204-191.plesk.page\/tr\/wp-json\/wp\/v2\/pages\/1652\/revisions"}],"predecessor-version":[{"id":2401,"href":"https:\/\/funny-brahmagupta.202-61-204-191.plesk.page\/tr\/wp-json\/wp\/v2\/pages\/1652\/revisions\/2401"}],"wp:attachment":[{"href":"https:\/\/funny-brahmagupta.202-61-204-191.plesk.page\/tr\/wp-json\/wp\/v2\/media?parent=1652"}],"curies":[{"name":"wp","href":"https:\/\/api.w.org\/{rel}","templated":true}]}}