{"id":1233,"date":"2020-08-23T22:38:42","date_gmt":"2020-08-23T22:38:42","guid":{"rendered":"https:\/\/funny-brahmagupta.202-61-204-191.plesk.page\/?page_id=1233"},"modified":"2023-02-06T00:20:51","modified_gmt":"2023-02-05T22:20:51","slug":"impressum","status":"publish","type":"page","link":"https:\/\/funny-brahmagupta.202-61-204-191.plesk.page\/tr\/impressum\/","title":{"rendered":"Damga"},"content":{"rendered":"<div data-elementor-type=\"wp-page\" data-elementor-id=\"1233\" class=\"elementor elementor-1233\" data-elementor-post-type=\"page\">\n\t\t\t\t\t\t\t\t\t<section class=\"elementor-section elementor-top-section elementor-element elementor-element-36f1e632 elementor-section-stretched elementor-section-boxed elementor-section-height-default elementor-section-height-default\" data-id=\"36f1e632\" data-element_type=\"section\" data-settings=\"{&quot;background_background&quot;:&quot;classic&quot;,&quot;stretch_section&quot;:&quot;section-stretched&quot;}\">\n\t\t\t\t\t\t<div class=\"elementor-container elementor-column-gap-default\">\n\t\t\t\t\t<div class=\"elementor-column elementor-col-100 elementor-top-column elementor-element elementor-element-74b71d2e\" data-id=\"74b71d2e\" data-element_type=\"column\">\n\t\t\t<div class=\"elementor-widget-wrap elementor-element-populated\">\n\t\t\t\t\t\t\t\t<div class=\"elementor-element elementor-element-5f50d307 elementor-widget elementor-widget-heading\" data-id=\"5f50d307\" data-element_type=\"widget\" data-widget_type=\"heading.default\">\n\t\t\t\t<div class=\"elementor-widget-container\">\n\t\t\t<h2 class=\"elementor-heading-title elementor-size-default\">Damga<\/h2>\t\t<\/div>\n\t\t\t\t<\/div>\n\t\t\t\t<section class=\"elementor-section elementor-inner-section elementor-element elementor-element-31a3bfe elementor-section-boxed elementor-section-height-default elementor-section-height-default\" data-id=\"31a3bfe\" data-element_type=\"section\">\n\t\t\t\t\t\t<div class=\"elementor-container elementor-column-gap-default\">\n\t\t\t\t\t<div class=\"elementor-column elementor-col-50 elementor-inner-column elementor-element elementor-element-442db7c\" data-id=\"442db7c\" data-element_type=\"column\">\n\t\t\t<div class=\"elementor-widget-wrap elementor-element-populated\">\n\t\t\t\t\t\t\t\t<div class=\"elementor-element elementor-element-6d39eb2 elementor-widget elementor-widget-text-editor\" data-id=\"6d39eb2\" data-element_type=\"widget\" data-widget_type=\"text-editor.default\">\n\t\t\t\t<div class=\"elementor-widget-container\">\n\t\t\t\t\t\t\t<h2>Angaben gem\u00e4\u00df \u00a7 5 TMG<\/h2><p>Helmut Ing. Dworsky<br \/>Fahrschule Wien Elf<br \/>Hauffgasse 2\/2\/G<br \/>1110 Wien<\/p><h2>Temas<\/h2><p>Telefon: +43 (0) 1 392 0040<br \/>E-Mail: office@fahrschule-wienelf.at<\/p><h2>Umsatzsteuer-ID<\/h2><p>Umsatzsteuer-Identifikationsnummer gem\u00e4\u00df \u00a7 27 a Umsatzsteuergesetz:<br \/>ATU58991568<\/p><h2>Aufsichtsbeh\u00f6rde<\/h2><p>Magistrat 65<br \/>[Anschrift der Aufsichtsbeh\u00f6rde]<\/p><p><a href=\"https:\/\/www.wien.gv.at\/kontakte\/ma65\/index.html\" target=\"_blank\" rel=\"noopener noreferrer\">https:\/\/www.wien.gv.at\/kontakte\/ma65\/index.html<\/a><\/p><h2>Berufsbezeichnung und berufsrechtliche Regelungen<\/h2><p>Berufsbezeichnung: Fahrschule<br \/>Zust\u00e4ndige Kammer: <br \/>Verliehen durch: \u00d6sterreich<br \/>Es gelten folgende berufsrechtliche Regelungen: <br \/>Regelungen einsehbar unter: <a href=\"http:\/\/www.fahrschule-wienelf.at\" target=\"_blank\" rel=\"noopener noreferrer\">https:\/\/www.fahrschule-wienelf.at<\/a><\/p><h2>Verantwortlich f\u00fcr den Inhalt nach \u00a7 55 Abs. 2 RStV<\/h2><p>Hira Karakoc<br \/>Prager Stra\u00dfe 25<br \/>2011 Sierndorf<\/p><h2>EU-Streitschlichtung<\/h2><p>Die Europ\u00e4ische Kommission stellt eine Plattform zur Online-Streitbeilegung (OS) bereit: <a href=\"https:\/\/ec.europa.eu\/consumers\/odr\" target=\"_blank\" rel=\"noopener noreferrer\">https:\/\/ec.europa.eu\/consumers\/odr<\/a>.<br \/>Unsere E-Mail-Adresse finden Sie oben im Impressum.<\/p><h2>Verbraucher\u00adstreit\u00adbeilegung\/Universal\u00adschlichtungs\u00adstelle<\/h2><p>Wir sind nicht bereit oder verpflichtet, an Streitbeilegungsverfahren vor einer Verbraucherschlichtungsstelle teilzunehmen.<\/p>\t\t\t\t\t\t<\/div>\n\t\t\t\t<\/div>\n\t\t\t\t\t<\/div>\n\t\t<\/div>\n\t\t\t\t<div class=\"elementor-column elementor-col-50 elementor-inner-column elementor-element elementor-element-fc2f1f2\" data-id=\"fc2f1f2\" data-element_type=\"column\">\n\t\t\t<div class=\"elementor-widget-wrap elementor-element-populated\">\n\t\t\t\t\t\t\t\t<div class=\"elementor-element elementor-element-58ff98f elementor-widget elementor-widget-text-editor\" data-id=\"58ff98f\" data-element_type=\"widget\" data-widget_type=\"text-editor.default\">\n\t\t\t\t<div class=\"elementor-widget-container\">\n\t\t\t\t\t\t\t<h2>Haftung f\u00fcr Inhalte<\/h2><p>Als Diensteanbieter sind wir gem\u00e4\u00df \u00a7 7 Abs.1 TMG f\u00fcr eigene Inhalte auf diesen Seiten nach den allgemeinen Gesetzen verantwortlich. Nach \u00a7\u00a7 8 bis 10 TMG sind wir als Diensteanbieter jedoch nicht verpflichtet, \u00fcbermittelte oder gespeicherte fremde Informationen zu \u00fcberwachen oder nach Umst\u00e4nden zu forschen, die auf eine rechtswidrige T\u00e4tigkeit hinweisen.<\/p><p>Verpflichtungen zur Entfernung oder Sperrung der Nutzung von Informationen nach den allgemeinen Gesetzen bleiben hiervon unber\u00fchrt. Eine diesbez\u00fcgliche Haftung ist jedoch erst ab dem Zeitpunkt der Kenntnis einer konkreten Rechtsverletzung m\u00f6glich. Bei Bekanntwerden von entsprechenden Rechtsverletzungen werden wir diese Inhalte umgehend entfernen.<\/p><h2>Haftung f\u00fcr Links<\/h2><p>Unser Angebot enth\u00e4lt Links zu externen Websites Dritter, auf deren Inhalte wir keinen Einfluss haben. Deshalb k\u00f6nnen wir f\u00fcr diese fremden Inhalte auch keine Gew\u00e4hr \u00fcbernehmen. F\u00fcr die Inhalte der verlinkten Seiten ist stets der jeweilige Anbieter oder Betreiber der Seiten verantwortlich. Die verlinkten Seiten wurden zum Zeitpunkt der Verlinkung auf m\u00f6gliche Rechtsverst\u00f6\u00dfe \u00fcberpr\u00fcft. Rechtswidrige Inhalte waren zum Zeitpunkt der Verlinkung nicht erkennbar.<\/p><p>Eine permanente inhaltliche Kontrolle der verlinkten Seiten ist jedoch ohne konkrete Anhaltspunkte einer Rechtsverletzung nicht zumutbar. Bei Bekanntwerden von Rechtsverletzungen werden wir derartige Links umgehend entfernen.<\/p><h2>Urheberrecht<\/h2><p>Die durch die Seitenbetreiber erstellten Inhalte und Werke auf diesen Seiten unterliegen dem deutschen Urheberrecht. Die Vervielf\u00e4ltigung, Bearbeitung, Verbreitung und jede Art der Verwertung au\u00dferhalb der Grenzen des Urheberrechtes bed\u00fcrfen der schriftlichen Zustimmung des jeweiligen Autors bzw. Erstellers. Downloads und Kopien dieser Seite sind nur f\u00fcr den privaten, nicht kommerziellen Gebrauch gestattet.<\/p><p>Soweit die Inhalte auf dieser Seite nicht vom Betreiber erstellt wurden, werden die Urheberrechte Dritter beachtet. Insbesondere werden Inhalte Dritter als solche gekennzeichnet. Sollten Sie trotzdem auf eine Urheberrechtsverletzung aufmerksam werden, bitten wir um einen entsprechenden Hinweis. Bei Bekanntwerden von Rechtsverletzungen werden wir derartige Inhalte umgehend entfernen.<\/p><p>Quelle: <a href=\"https:\/\/www.e-recht24.de\">https:\/\/www.e-recht24.de<\/a><\/p><h2>Zus\u00e4tzliche Informationspflichten<\/h2><p><strong>Bildrechte<\/strong><br \/>Bild von pikisuperstar auf Freepik<\/p><p>\u00a0<\/p>\t\t\t\t\t\t<\/div>\n\t\t\t\t<\/div>\n\t\t\t\t\t<\/div>\n\t\t<\/div>\n\t\t\t\t\t\t\t<\/div>\n\t\t<\/section>\n\t\t\t\t\t<\/div>\n\t\t<\/div>\n\t\t\t\t\t\t\t<\/div>\n\t\t<\/section>\n\t\t\t\t\t\t\t<\/div>","protected":false},"excerpt":{"rendered":"<p>Impressum Angaben gem\u00e4\u00df \u00a7 5 TMG Helmut Ing. DworskyFahrschule Wien ElfHauffgasse 2\/2\/G1110 Wien Kontakt Telefon: +43 (0) 1 392 0040E-Mail: office@fahrschule-wienelf.at Umsatzsteuer-ID Umsatzsteuer-Identifikationsnummer gem\u00e4\u00df \u00a7 27 a Umsatzsteuergesetz:ATU58991568 Aufsichtsbeh\u00f6rde Magistrat 65[Anschrift der Aufsichtsbeh\u00f6rde] https:\/\/www.wien.gv.at\/kontakte\/ma65\/index.html Berufsbezeichnung und berufsrechtliche Regelungen Berufsbezeichnung: FahrschuleZust\u00e4ndige Kammer: Verliehen durch: \u00d6sterreichEs gelten folgende berufsrechtliche Regelungen: Regelungen einsehbar unter: https:\/\/www.fahrschule-wienelf.at Verantwortlich f\u00fcr den [&hellip;]<\/p>","protected":false},"author":1,"featured_media":0,"parent":0,"menu_order":0,"comment_status":"closed","ping_status":"closed","template":"","meta":{"footnotes":""},"yoast_head":"<!-- This site is optimized with the Yoast SEO plugin v21.5 - https:\/\/yoast.com\/wordpress\/plugins\/seo\/ -->\n<title>Impressum - Fahrschule Wienelf<\/title>\n<meta name=\"robots\" content=\"index, follow, max-snippet:-1, max-image-preview:large, max-video-preview:-1\" \/>\n<link rel=\"canonical\" href=\"https:\/\/funny-brahmagupta.202-61-204-191.plesk.page\/tr\/impressum\/\" \/>\n<meta property=\"og:locale\" content=\"tr_TR\" \/>\n<meta property=\"og:type\" content=\"article\" \/>\n<meta property=\"og:title\" content=\"Impressum - Fahrschule Wienelf\" \/>\n<meta property=\"og:description\" content=\"Impressum Angaben gem\u00e4\u00df \u00a7 5 TMG Helmut Ing. DworskyFahrschule Wien ElfHauffgasse 2\/2\/G1110 Wien Kontakt Telefon: +43 (0) 1 392 0040E-Mail: office@fahrschule-wienelf.at Umsatzsteuer-ID Umsatzsteuer-Identifikationsnummer gem\u00e4\u00df \u00a7 27 a Umsatzsteuergesetz:ATU58991568 Aufsichtsbeh\u00f6rde Magistrat 65[Anschrift der Aufsichtsbeh\u00f6rde] https:\/\/www.wien.gv.at\/kontakte\/ma65\/index.html Berufsbezeichnung und berufsrechtliche Regelungen Berufsbezeichnung: FahrschuleZust\u00e4ndige Kammer: Verliehen durch: \u00d6sterreichEs gelten folgende berufsrechtliche Regelungen: Regelungen einsehbar unter: https:\/\/www.fahrschule-wienelf.at Verantwortlich f\u00fcr den [&hellip;]\" \/>\n<meta property=\"og:url\" content=\"https:\/\/funny-brahmagupta.202-61-204-191.plesk.page\/tr\/impressum\/\" \/>\n<meta property=\"og:site_name\" content=\"Fahrschule Wienelf\" \/>\n<meta property=\"article:publisher\" content=\"https:\/\/www.facebook.com\/Fahrschule.Adnan.Karakoc\" \/>\n<meta property=\"article:modified_time\" content=\"2023-02-05T22:20:51+00:00\" \/>\n<meta name=\"twitter:card\" content=\"summary_large_image\" \/>\n<meta name=\"twitter:label1\" content=\"Tahmini okuma s\u00fcresi\" \/>\n\t<meta name=\"twitter:data1\" content=\"2 dakika\" \/>\n<script type=\"application\/ld+json\" class=\"yoast-schema-graph\">{\"@context\":\"https:\/\/schema.org\",\"@graph\":[{\"@type\":\"WebPage\",\"@id\":\"https:\/\/funny-brahmagupta.202-61-204-191.plesk.page\/impressum\/\",\"url\":\"https:\/\/funny-brahmagupta.202-61-204-191.plesk.page\/impressum\/\",\"name\":\"Impressum - Fahrschule Wienelf\",\"isPartOf\":{\"@id\":\"https:\/\/funny-brahmagupta.202-61-204-191.plesk.page\/#website\"},\"datePublished\":\"2020-08-23T22:38:42+00:00\",\"dateModified\":\"2023-02-05T22:20:51+00:00\",\"breadcrumb\":{\"@id\":\"https:\/\/funny-brahmagupta.202-61-204-191.plesk.page\/impressum\/#breadcrumb\"},\"inLanguage\":\"tr\",\"potentialAction\":[{\"@type\":\"ReadAction\",\"target\":[\"https:\/\/funny-brahmagupta.202-61-204-191.plesk.page\/impressum\/\"]}]},{\"@type\":\"BreadcrumbList\",\"@id\":\"https:\/\/funny-brahmagupta.202-61-204-191.plesk.page\/impressum\/#breadcrumb\",\"itemListElement\":[{\"@type\":\"ListItem\",\"position\":1,\"name\":\"Startseite\",\"item\":\"https:\/\/funny-brahmagupta.202-61-204-191.plesk.page\/\"},{\"@type\":\"ListItem\",\"position\":2,\"name\":\"Impressum\"}]},{\"@type\":\"WebSite\",\"@id\":\"https:\/\/funny-brahmagupta.202-61-204-191.plesk.page\/#website\",\"url\":\"https:\/\/funny-brahmagupta.202-61-204-191.plesk.page\/\",\"name\":\"Fahrschule Wienelf\",\"description\":\"\",\"publisher\":{\"@id\":\"https:\/\/funny-brahmagupta.202-61-204-191.plesk.page\/#organization\"},\"potentialAction\":[{\"@type\":\"SearchAction\",\"target\":{\"@type\":\"EntryPoint\",\"urlTemplate\":\"https:\/\/funny-brahmagupta.202-61-204-191.plesk.page\/?s={search_term_string}\"},\"query-input\":\"required name=search_term_string\"}],\"inLanguage\":\"tr\"},{\"@type\":\"Organization\",\"@id\":\"https:\/\/funny-brahmagupta.202-61-204-191.plesk.page\/#organization\",\"name\":\"Fahrschule Wienelf\",\"url\":\"https:\/\/funny-brahmagupta.202-61-204-191.plesk.page\/\",\"logo\":{\"@type\":\"ImageObject\",\"inLanguage\":\"tr\",\"@id\":\"https:\/\/funny-brahmagupta.202-61-204-191.plesk.page\/#\/schema\/logo\/image\/\",\"url\":\"https:\/\/funny-brahmagupta.202-61-204-191.plesk.page\/wp-content\/uploads\/2020\/11\/cropped-Elf-Logo-Transparent_Weisseschrift-1.png\",\"contentUrl\":\"https:\/\/funny-brahmagupta.202-61-204-191.plesk.page\/wp-content\/uploads\/2020\/11\/cropped-Elf-Logo-Transparent_Weisseschrift-1.png\",\"width\":4165,\"height\":725,\"caption\":\"Fahrschule Wienelf\"},\"image\":{\"@id\":\"https:\/\/funny-brahmagupta.202-61-204-191.plesk.page\/#\/schema\/logo\/image\/\"},\"sameAs\":[\"https:\/\/www.facebook.com\/Fahrschule.Adnan.Karakoc\"]}]}<\/script>\n<!-- \/ Yoast SEO plugin. -->","yoast_head_json":{"title":"Impressum - Fahrschule Wienelf","robots":{"index":"index","follow":"follow","max-snippet":"max-snippet:-1","max-image-preview":"max-image-preview:large","max-video-preview":"max-video-preview:-1"},"canonical":"https:\/\/funny-brahmagupta.202-61-204-191.plesk.page\/tr\/impressum\/","og_locale":"tr_TR","og_type":"article","og_title":"Impressum - Fahrschule Wienelf","og_description":"Impressum Angaben gem\u00e4\u00df \u00a7 5 TMG Helmut Ing. DworskyFahrschule Wien ElfHauffgasse 2\/2\/G1110 Wien Kontakt Telefon: +43 (0) 1 392 0040E-Mail: office@fahrschule-wienelf.at Umsatzsteuer-ID Umsatzsteuer-Identifikationsnummer gem\u00e4\u00df \u00a7 27 a Umsatzsteuergesetz:ATU58991568 Aufsichtsbeh\u00f6rde Magistrat 65[Anschrift der Aufsichtsbeh\u00f6rde] https:\/\/www.wien.gv.at\/kontakte\/ma65\/index.html Berufsbezeichnung und berufsrechtliche Regelungen Berufsbezeichnung: FahrschuleZust\u00e4ndige Kammer: Verliehen durch: \u00d6sterreichEs gelten folgende berufsrechtliche Regelungen: Regelungen einsehbar unter: https:\/\/www.fahrschule-wienelf.at Verantwortlich f\u00fcr den [&hellip;]","og_url":"https:\/\/funny-brahmagupta.202-61-204-191.plesk.page\/tr\/impressum\/","og_site_name":"Fahrschule Wienelf","article_publisher":"https:\/\/www.facebook.com\/Fahrschule.Adnan.Karakoc","article_modified_time":"2023-02-05T22:20:51+00:00","twitter_card":"summary_large_image","twitter_misc":{"Tahmini okuma s\u00fcresi":"2 dakika"},"schema":{"@context":"https:\/\/schema.org","@graph":[{"@type":"WebPage","@id":"https:\/\/funny-brahmagupta.202-61-204-191.plesk.page\/impressum\/","url":"https:\/\/funny-brahmagupta.202-61-204-191.plesk.page\/impressum\/","name":"Impressum - Fahrschule Wienelf","isPartOf":{"@id":"https:\/\/funny-brahmagupta.202-61-204-191.plesk.page\/#website"},"datePublished":"2020-08-23T22:38:42+00:00","dateModified":"2023-02-05T22:20:51+00:00","breadcrumb":{"@id":"https:\/\/funny-brahmagupta.202-61-204-191.plesk.page\/impressum\/#breadcrumb"},"inLanguage":"tr","potentialAction":[{"@type":"ReadAction","target":["https:\/\/funny-brahmagupta.202-61-204-191.plesk.page\/impressum\/"]}]},{"@type":"BreadcrumbList","@id":"https:\/\/funny-brahmagupta.202-61-204-191.plesk.page\/impressum\/#breadcrumb","itemListElement":[{"@type":"ListItem","position":1,"name":"Startseite","item":"https:\/\/funny-brahmagupta.202-61-204-191.plesk.page\/"},{"@type":"ListItem","position":2,"name":"Impressum"}]},{"@type":"WebSite","@id":"https:\/\/funny-brahmagupta.202-61-204-191.plesk.page\/#website","url":"https:\/\/funny-brahmagupta.202-61-204-191.plesk.page\/","name":"Fahrschule Wienelf","description":"","publisher":{"@id":"https:\/\/funny-brahmagupta.202-61-204-191.plesk.page\/#organization"},"potentialAction":[{"@type":"SearchAction","target":{"@type":"EntryPoint","urlTemplate":"https:\/\/funny-brahmagupta.202-61-204-191.plesk.page\/?s={search_term_string}"},"query-input":"required name=search_term_string"}],"inLanguage":"tr"},{"@type":"Organization","@id":"https:\/\/funny-brahmagupta.202-61-204-191.plesk.page\/#organization","name":"Fahrschule Wienelf","url":"https:\/\/funny-brahmagupta.202-61-204-191.plesk.page\/","logo":{"@type":"ImageObject","inLanguage":"tr","@id":"https:\/\/funny-brahmagupta.202-61-204-191.plesk.page\/#\/schema\/logo\/image\/","url":"https:\/\/funny-brahmagupta.202-61-204-191.plesk.page\/wp-content\/uploads\/2020\/11\/cropped-Elf-Logo-Transparent_Weisseschrift-1.png","contentUrl":"https:\/\/funny-brahmagupta.202-61-204-191.plesk.page\/wp-content\/uploads\/2020\/11\/cropped-Elf-Logo-Transparent_Weisseschrift-1.png","width":4165,"height":725,"caption":"Fahrschule Wienelf"},"image":{"@id":"https:\/\/funny-brahmagupta.202-61-204-191.plesk.page\/#\/schema\/logo\/image\/"},"sameAs":["https:\/\/www.facebook.com\/Fahrschule.Adnan.Karakoc"]}]}},"_links":{"self":[{"href":"https:\/\/funny-brahmagupta.202-61-204-191.plesk.page\/tr\/wp-json\/wp\/v2\/pages\/1233"}],"collection":[{"href":"https:\/\/funny-brahmagupta.202-61-204-191.plesk.page\/tr\/wp-json\/wp\/v2\/pages"}],"about":[{"href":"https:\/\/funny-brahmagupta.202-61-204-191.plesk.page\/tr\/wp-json\/wp\/v2\/types\/page"}],"author":[{"embeddable":true,"href":"https:\/\/funny-brahmagupta.202-61-204-191.plesk.page\/tr\/wp-json\/wp\/v2\/users\/1"}],"replies":[{"embeddable":true,"href":"https:\/\/funny-brahmagupta.202-61-204-191.plesk.page\/tr\/wp-json\/wp\/v2\/comments?post=1233"}],"version-history":[{"count":13,"href":"https:\/\/funny-brahmagupta.202-61-204-191.plesk.page\/tr\/wp-json\/wp\/v2\/pages\/1233\/revisions"}],"predecessor-version":[{"id":2406,"href":"https:\/\/funny-brahmagupta.202-61-204-191.plesk.page\/tr\/wp-json\/wp\/v2\/pages\/1233\/revisions\/2406"}],"wp:attachment":[{"href":"https:\/\/funny-brahmagupta.202-61-204-191.plesk.page\/tr\/wp-json\/wp\/v2\/media?parent=1233"}],"curies":[{"name":"wp","href":"https:\/\/api.w.org\/{rel}","templated":true}]}}