{"id":1693,"date":"2020-09-03T14:01:10","date_gmt":"2020-09-03T12:01:10","guid":{"rendered":"https:\/\/funny-brahmagupta.202-61-204-191.plesk.page\/?page_id=1693"},"modified":"2025-05-14T10:10:22","modified_gmt":"2025-05-14T08:10:22","slug":"stellenangebot-fahrschullehrer","status":"publish","type":"page","link":"https:\/\/funny-brahmagupta.202-61-204-191.plesk.page\/ar\/karriere\/stellenangebot-fahrschullehrer\/","title":{"rendered":"Stellenangebot: Fahrschullehrer"},"content":{"rendered":"<h1>Stellenangebot<\/h1>\n<h4>Klassen: A, B, C, D, BE, CE, DE<\/h4>\n<h2>Fahr(schul)Lehrer (m\/w\/d)<\/h2>\n<p>Deine Aufgaben<\/p>\n<ul>\n<li>Kundenkontakt<\/li>\n<li>Ausbildung von Kunden in den jeweiligen F\u00fchrerscheinklassen<\/li>\n<li>Pr\u00fcfungsantritt<\/li>\n<li>Fahrzeugpflege und Wartung<\/li>\n<li>Theoretischer Unterricht (nur als Fahrschullehrer)<\/li>\n<\/ul>\n<p>Deine Qualifikation<\/p>\n<ul>\n<li>Fahr- oder Fahrschullehrerberechtigung f\u00fcr eine, der oben angef\u00fchrten F\u00fchrerscheinklassen<\/li>\n<li>Ausgezeichnete Deutschkenntnisse<\/li>\n<li>Effiziente u. eigenst\u00e4ndige Arbeitsweise<\/li>\n<li>Hohe Belastbarkeit, Durchhalteverm\u00f6gen<\/li>\n<li>Bereitschaft bestehendes Wissen und F\u00e4higkeiten weiterzuentwickeln<\/li>\n<li>Flexibilit\u00e4t bei der Diensteinteilung<\/li>\n<li>Freude an der Arbeit im Team, sowie mit jungen Menschen<\/li>\n<\/ul>\n<p>Unser Angebot<\/p>\n<ul>\n<li>Wir bieten in sehr gutem Betriebsklima nach intensiver Einschulung selbst\u00e4ndige, abwechslungsreiche Aufgaben und eine verantwortungsvolle Teil- oder Vollzeitbesch\u00e4ftigung an<\/li>\n<li>Ein attraktiver Arbeitsplatz in bester Lage<\/li>\n<li>Vielf\u00e4ltige und interessante Aufgaben, sowie pers\u00f6nliche und fachliche Weiterbildung<\/li>\n<li>Ein eigenst\u00e4ndiger Aufgabenbereich in einem wertsch\u00e4tzenden Arbeitsumfeld<\/li>\n<li>Einen modernen Fuhrpark<\/li>\n<li>Monatsgehalt brutto (bei 30 Wochenstunden, 14 x): 2126,- Euro als Fahrlehrer\/in und 2207,- Euro als Fahrschullehrer (mit Bereitschaft zur \u00dcberzahlung bei entsprechender Qualifikation\/Berufserfahrung). Geh\u00e4lter verstehen sich exkl. Zulagen.<\/li>\n<\/ul>\n<p>Du findest diese Stelle passt zu Dir? Wir freuen uns auf Deine Bewerbung! Ihre Daten behandeln wir absolut vertraulich! Bitte sende Dein Bewerbungsschreiben inkl. Lebenslauf, Zeugnisse und Foto elektronisch an:<\/p>\n<p><a href=\"mailto:bewerbung@wienelf.at\">bewerbung@wienelf.at\u00a0<\/a><\/p>","protected":false},"excerpt":{"rendered":"<p>Stellenangebot Klassen: A, B, C, D, BE, CE, DE Fahr(schul)Lehrer (m\/w\/d) Deine Aufgaben Kundenkontakt Ausbildung von Kunden in den jeweiligen F\u00fchrerscheinklassen Pr\u00fcfungsantritt Fahrzeugpflege und Wartung Theoretischer Unterricht (nur als Fahrschullehrer) Deine Qualifikation Fahr- oder Fahrschullehrerberechtigung f\u00fcr eine, der oben angef\u00fchrten F\u00fchrerscheinklassen Ausgezeichnete Deutschkenntnisse Effiziente u. eigenst\u00e4ndige Arbeitsweise Hohe Belastbarkeit, Durchhalteverm\u00f6gen Bereitschaft bestehendes Wissen und F\u00e4higkeiten [&hellip;]<\/p>","protected":false},"author":1,"featured_media":0,"parent":1652,"menu_order":0,"comment_status":"closed","ping_status":"closed","template":"","meta":{"footnotes":""},"yoast_head":"<!-- This site is optimized with the Yoast SEO plugin v21.5 - https:\/\/yoast.com\/wordpress\/plugins\/seo\/ -->\n<title>Stellenangebot: Fahrschullehrer - Fahrschule Wienelf<\/title>\n<meta name=\"robots\" content=\"index, follow, max-snippet:-1, max-image-preview:large, max-video-preview:-1\" \/>\n<link rel=\"canonical\" href=\"https:\/\/funny-brahmagupta.202-61-204-191.plesk.page\/ar\/karriere\/stellenangebot-fahrschullehrer\/\" \/>\n<meta property=\"og:locale\" content=\"ar_AR\" \/>\n<meta property=\"og:type\" content=\"article\" \/>\n<meta property=\"og:title\" content=\"Stellenangebot: Fahrschullehrer - Fahrschule Wienelf\" \/>\n<meta property=\"og:description\" content=\"Stellenangebot Klassen: A, B, C, D, BE, CE, DE Fahr(schul)Lehrer (m\/w\/d) Deine Aufgaben Kundenkontakt Ausbildung von Kunden in den jeweiligen F\u00fchrerscheinklassen Pr\u00fcfungsantritt Fahrzeugpflege und Wartung Theoretischer Unterricht (nur als Fahrschullehrer) Deine Qualifikation Fahr- oder Fahrschullehrerberechtigung f\u00fcr eine, der oben angef\u00fchrten F\u00fchrerscheinklassen Ausgezeichnete Deutschkenntnisse Effiziente u. eigenst\u00e4ndige Arbeitsweise Hohe Belastbarkeit, Durchhalteverm\u00f6gen Bereitschaft bestehendes Wissen und F\u00e4higkeiten [&hellip;]\" \/>\n<meta property=\"og:url\" content=\"https:\/\/funny-brahmagupta.202-61-204-191.plesk.page\/ar\/karriere\/stellenangebot-fahrschullehrer\/\" \/>\n<meta property=\"og:site_name\" content=\"Fahrschule Wienelf\" \/>\n<meta property=\"article:publisher\" content=\"https:\/\/www.facebook.com\/Fahrschule.Adnan.Karakoc\" \/>\n<meta property=\"article:modified_time\" content=\"2025-05-14T08:10:22+00:00\" \/>\n<meta name=\"twitter:card\" content=\"summary_large_image\" \/>\n<meta name=\"twitter:label1\" content=\"\u0648\u0642\u062a \u0627\u0644\u0642\u0631\u0627\u0621\u0629 \u0627\u0644\u0645\u064f\u0642\u062f\u0651\u0631\" \/>\n\t<meta name=\"twitter:data1\" content=\"\u062f\u0642\u064a\u0642\u0629 \u0648\u0627\u062d\u062f\u0629\" \/>\n<script type=\"application\/ld+json\" class=\"yoast-schema-graph\">{\"@context\":\"https:\/\/schema.org\",\"@graph\":[{\"@type\":\"WebPage\",\"@id\":\"https:\/\/funny-brahmagupta.202-61-204-191.plesk.page\/karriere\/stellenangebot-fahrschullehrer\/\",\"url\":\"https:\/\/funny-brahmagupta.202-61-204-191.plesk.page\/karriere\/stellenangebot-fahrschullehrer\/\",\"name\":\"Stellenangebot: Fahrschullehrer - Fahrschule Wienelf\",\"isPartOf\":{\"@id\":\"https:\/\/funny-brahmagupta.202-61-204-191.plesk.page\/#website\"},\"datePublished\":\"2020-09-03T12:01:10+00:00\",\"dateModified\":\"2025-05-14T08:10:22+00:00\",\"breadcrumb\":{\"@id\":\"https:\/\/funny-brahmagupta.202-61-204-191.plesk.page\/karriere\/stellenangebot-fahrschullehrer\/#breadcrumb\"},\"inLanguage\":\"ar\",\"potentialAction\":[{\"@type\":\"ReadAction\",\"target\":[\"https:\/\/funny-brahmagupta.202-61-204-191.plesk.page\/karriere\/stellenangebot-fahrschullehrer\/\"]}]},{\"@type\":\"BreadcrumbList\",\"@id\":\"https:\/\/funny-brahmagupta.202-61-204-191.plesk.page\/karriere\/stellenangebot-fahrschullehrer\/#breadcrumb\",\"itemListElement\":[{\"@type\":\"ListItem\",\"position\":1,\"name\":\"Startseite\",\"item\":\"https:\/\/funny-brahmagupta.202-61-204-191.plesk.page\/\"},{\"@type\":\"ListItem\",\"position\":2,\"name\":\"Karriere\",\"item\":\"https:\/\/funny-brahmagupta.202-61-204-191.plesk.page\/karriere\/\"},{\"@type\":\"ListItem\",\"position\":3,\"name\":\"Stellenangebot: Fahrschullehrer\"}]},{\"@type\":\"WebSite\",\"@id\":\"https:\/\/funny-brahmagupta.202-61-204-191.plesk.page\/#website\",\"url\":\"https:\/\/funny-brahmagupta.202-61-204-191.plesk.page\/\",\"name\":\"Fahrschule Wienelf\",\"description\":\"\",\"publisher\":{\"@id\":\"https:\/\/funny-brahmagupta.202-61-204-191.plesk.page\/#organization\"},\"potentialAction\":[{\"@type\":\"SearchAction\",\"target\":{\"@type\":\"EntryPoint\",\"urlTemplate\":\"https:\/\/funny-brahmagupta.202-61-204-191.plesk.page\/?s={search_term_string}\"},\"query-input\":\"required name=search_term_string\"}],\"inLanguage\":\"ar\"},{\"@type\":\"Organization\",\"@id\":\"https:\/\/funny-brahmagupta.202-61-204-191.plesk.page\/#organization\",\"name\":\"Fahrschule Wienelf\",\"url\":\"https:\/\/funny-brahmagupta.202-61-204-191.plesk.page\/\",\"logo\":{\"@type\":\"ImageObject\",\"inLanguage\":\"ar\",\"@id\":\"https:\/\/funny-brahmagupta.202-61-204-191.plesk.page\/#\/schema\/logo\/image\/\",\"url\":\"https:\/\/funny-brahmagupta.202-61-204-191.plesk.page\/wp-content\/uploads\/2020\/11\/cropped-Elf-Logo-Transparent_Weisseschrift-1.png\",\"contentUrl\":\"https:\/\/funny-brahmagupta.202-61-204-191.plesk.page\/wp-content\/uploads\/2020\/11\/cropped-Elf-Logo-Transparent_Weisseschrift-1.png\",\"width\":4165,\"height\":725,\"caption\":\"Fahrschule Wienelf\"},\"image\":{\"@id\":\"https:\/\/funny-brahmagupta.202-61-204-191.plesk.page\/#\/schema\/logo\/image\/\"},\"sameAs\":[\"https:\/\/www.facebook.com\/Fahrschule.Adnan.Karakoc\"]}]}<\/script>\n<!-- \/ Yoast SEO plugin. -->","yoast_head_json":{"title":"Stellenangebot: Fahrschullehrer - Fahrschule Wienelf","robots":{"index":"index","follow":"follow","max-snippet":"max-snippet:-1","max-image-preview":"max-image-preview:large","max-video-preview":"max-video-preview:-1"},"canonical":"https:\/\/funny-brahmagupta.202-61-204-191.plesk.page\/ar\/karriere\/stellenangebot-fahrschullehrer\/","og_locale":"ar_AR","og_type":"article","og_title":"Stellenangebot: Fahrschullehrer - Fahrschule Wienelf","og_description":"Stellenangebot Klassen: A, B, C, D, BE, CE, DE Fahr(schul)Lehrer (m\/w\/d) Deine Aufgaben Kundenkontakt Ausbildung von Kunden in den jeweiligen F\u00fchrerscheinklassen Pr\u00fcfungsantritt Fahrzeugpflege und Wartung Theoretischer Unterricht (nur als Fahrschullehrer) Deine Qualifikation Fahr- oder Fahrschullehrerberechtigung f\u00fcr eine, der oben angef\u00fchrten F\u00fchrerscheinklassen Ausgezeichnete Deutschkenntnisse Effiziente u. eigenst\u00e4ndige Arbeitsweise Hohe Belastbarkeit, Durchhalteverm\u00f6gen Bereitschaft bestehendes Wissen und F\u00e4higkeiten [&hellip;]","og_url":"https:\/\/funny-brahmagupta.202-61-204-191.plesk.page\/ar\/karriere\/stellenangebot-fahrschullehrer\/","og_site_name":"Fahrschule Wienelf","article_publisher":"https:\/\/www.facebook.com\/Fahrschule.Adnan.Karakoc","article_modified_time":"2025-05-14T08:10:22+00:00","twitter_card":"summary_large_image","twitter_misc":{"\u0648\u0642\u062a \u0627\u0644\u0642\u0631\u0627\u0621\u0629 \u0627\u0644\u0645\u064f\u0642\u062f\u0651\u0631":"\u062f\u0642\u064a\u0642\u0629 \u0648\u0627\u062d\u062f\u0629"},"schema":{"@context":"https:\/\/schema.org","@graph":[{"@type":"WebPage","@id":"https:\/\/funny-brahmagupta.202-61-204-191.plesk.page\/karriere\/stellenangebot-fahrschullehrer\/","url":"https:\/\/funny-brahmagupta.202-61-204-191.plesk.page\/karriere\/stellenangebot-fahrschullehrer\/","name":"Stellenangebot: Fahrschullehrer - Fahrschule Wienelf","isPartOf":{"@id":"https:\/\/funny-brahmagupta.202-61-204-191.plesk.page\/#website"},"datePublished":"2020-09-03T12:01:10+00:00","dateModified":"2025-05-14T08:10:22+00:00","breadcrumb":{"@id":"https:\/\/funny-brahmagupta.202-61-204-191.plesk.page\/karriere\/stellenangebot-fahrschullehrer\/#breadcrumb"},"inLanguage":"ar","potentialAction":[{"@type":"ReadAction","target":["https:\/\/funny-brahmagupta.202-61-204-191.plesk.page\/karriere\/stellenangebot-fahrschullehrer\/"]}]},{"@type":"BreadcrumbList","@id":"https:\/\/funny-brahmagupta.202-61-204-191.plesk.page\/karriere\/stellenangebot-fahrschullehrer\/#breadcrumb","itemListElement":[{"@type":"ListItem","position":1,"name":"Startseite","item":"https:\/\/funny-brahmagupta.202-61-204-191.plesk.page\/"},{"@type":"ListItem","position":2,"name":"Karriere","item":"https:\/\/funny-brahmagupta.202-61-204-191.plesk.page\/karriere\/"},{"@type":"ListItem","position":3,"name":"Stellenangebot: Fahrschullehrer"}]},{"@type":"WebSite","@id":"https:\/\/funny-brahmagupta.202-61-204-191.plesk.page\/#website","url":"https:\/\/funny-brahmagupta.202-61-204-191.plesk.page\/","name":"Fahrschule Wienelf","description":"","publisher":{"@id":"https:\/\/funny-brahmagupta.202-61-204-191.plesk.page\/#organization"},"potentialAction":[{"@type":"SearchAction","target":{"@type":"EntryPoint","urlTemplate":"https:\/\/funny-brahmagupta.202-61-204-191.plesk.page\/?s={search_term_string}"},"query-input":"required name=search_term_string"}],"inLanguage":"ar"},{"@type":"Organization","@id":"https:\/\/funny-brahmagupta.202-61-204-191.plesk.page\/#organization","name":"Fahrschule Wienelf","url":"https:\/\/funny-brahmagupta.202-61-204-191.plesk.page\/","logo":{"@type":"ImageObject","inLanguage":"ar","@id":"https:\/\/funny-brahmagupta.202-61-204-191.plesk.page\/#\/schema\/logo\/image\/","url":"https:\/\/funny-brahmagupta.202-61-204-191.plesk.page\/wp-content\/uploads\/2020\/11\/cropped-Elf-Logo-Transparent_Weisseschrift-1.png","contentUrl":"https:\/\/funny-brahmagupta.202-61-204-191.plesk.page\/wp-content\/uploads\/2020\/11\/cropped-Elf-Logo-Transparent_Weisseschrift-1.png","width":4165,"height":725,"caption":"Fahrschule Wienelf"},"image":{"@id":"https:\/\/funny-brahmagupta.202-61-204-191.plesk.page\/#\/schema\/logo\/image\/"},"sameAs":["https:\/\/www.facebook.com\/Fahrschule.Adnan.Karakoc"]}]}},"_links":{"self":[{"href":"https:\/\/funny-brahmagupta.202-61-204-191.plesk.page\/ar\/wp-json\/wp\/v2\/pages\/1693"}],"collection":[{"href":"https:\/\/funny-brahmagupta.202-61-204-191.plesk.page\/ar\/wp-json\/wp\/v2\/pages"}],"about":[{"href":"https:\/\/funny-brahmagupta.202-61-204-191.plesk.page\/ar\/wp-json\/wp\/v2\/types\/page"}],"author":[{"embeddable":true,"href":"https:\/\/funny-brahmagupta.202-61-204-191.plesk.page\/ar\/wp-json\/wp\/v2\/users\/1"}],"replies":[{"embeddable":true,"href":"https:\/\/funny-brahmagupta.202-61-204-191.plesk.page\/ar\/wp-json\/wp\/v2\/comments?post=1693"}],"version-history":[{"count":17,"href":"https:\/\/funny-brahmagupta.202-61-204-191.plesk.page\/ar\/wp-json\/wp\/v2\/pages\/1693\/revisions"}],"predecessor-version":[{"id":2868,"href":"https:\/\/funny-brahmagupta.202-61-204-191.plesk.page\/ar\/wp-json\/wp\/v2\/pages\/1693\/revisions\/2868"}],"up":[{"embeddable":true,"href":"https:\/\/funny-brahmagupta.202-61-204-191.plesk.page\/ar\/wp-json\/wp\/v2\/pages\/1652"}],"wp:attachment":[{"href":"https:\/\/funny-brahmagupta.202-61-204-191.plesk.page\/ar\/wp-json\/wp\/v2\/media?parent=1693"}],"curies":[{"name":"wp","href":"https:\/\/api.w.org\/{rel}","templated":true}]}}